{"id":50,"date":"2020-10-26T14:02:20","date_gmt":"2020-10-26T13:02:20","guid":{"rendered":"http:\/\/spectraldynamics.eu\/?page_id=50"},"modified":"2025-07-16T09:31:51","modified_gmt":"2025-07-16T07:31:51","slug":"dynamic-measurements-and-analysis","status":"publish","type":"page","link":"https:\/\/spectraldynamics.eu\/fr\/see-our-solutions\/dynamic-measurements-and-analysis\/","title":{"rendered":"Mesures et analyses"},"content":{"rendered":"<span><span><a href=\"https:\/\/spectraldynamics.eu\/fr\/\">Page d&#039;accueil<\/a><\/span><\/span>\n<h1>\n\t\tMesures et analyses\n\t<\/h1>\n\t<p>Spectral Dynamics France est votre partenaire pour vos t\u00e2ches de mesures &amp; d&#039;analyses, et nous sommes \u00e9galement \u00e0 vos c\u00f4t\u00e9s pour r\u00e9aliser correctement votre test.<\/p>\n\t\t\t\t<img decoding=\"async\" loading=\"lazy\" src=\"https:\/\/spectraldynamics.eu\/wp-content\/uploads\/2023\/01\/MeasuringChain-Acceleration_V4-1024x1024.jpg\" alt=\"Rotec\" itemprop=\"image\" height=\"640\" width=\"640\" title=\"Cha\u00eene de mesure-Acc\u00e9l\u00e9ration_V4\" onerror=\"this.style.display='none'\">\n<h2>\n\t\tSyst\u00e8mes ROTEC\n\t<\/h2>\n\t<p>Nous sommes votre interlocuteur pour tous vos projets de vibrations torsionnelles. Nous avons d\u00e9velopp\u00e9 un partenariat avec ROTEC, leader du march\u00e9 des syst\u00e8mes de mesure des vibrations torsionnelles et de l&#039;assistance technique.<\/p>\n\t\t\t<a href=\"https:\/\/spectraldynamics.eu\/fr\/products\/rotec-torsional_vibration-measurement-system\/\" target=\"_self\" rel=\"noopener\">\n\t\t\t\t\t\t\tLire la suite\n\t\t\t\t\t<\/a>\n\t\t\t\t<img decoding=\"async\" src=\"http:\/\/spectraldynamics.eu\/wp-content\/uploads\/2021\/03\/Accels-min.jpg\" alt=\"Accelerometers\" itemprop=\"image\" title=\"Accels-min\" onerror=\"this.style.display='none'\">\n<h2>\n\t\tAcc\u00e9l\u00e9rom\u00e8tres et autres capteurs\n\t<\/h2>\n\t<p>Besoin de capteurs et d&#039;accessoires\u00a0? Spectral Dynamics France vous accompagne pour r\u00e9aliser vos tests dans des conditions optimales.<\/p>\n\t\t\t<a href=\"https:\/\/spectraldynamics.eu\/fr\/learn-about-our-company\/contact-us\/\" target=\"_self\" rel=\"noopener\">\n\t\t\t\t\t\t\tNous contacter\n\t\t\t\t\t<\/a>\n\t\t\t\t<img decoding=\"async\" src=\"http:\/\/spectraldynamics.eu\/wp-content\/uploads\/2021\/03\/Explosion-min.jpg\" alt=\"Explosion\" itemprop=\"image\" title=\"Explosion-min\" onerror=\"this.style.display='none'\">\n<h2>\n\t\tAcquisition de donn\u00e9es\n\t<\/h2>\n\tSpectral Dynamics Inc. d\u00e9veloppe des syst\u00e8mes d&#039;acquisition pour la capture de transitoires \u00e0 grande vitesse ou de signaux r\u00e9p\u00e9titifs rapides difficiles \u00e0 mesurer.<br>\nAvec cette solution, vous pourrez analyser les vibrations \u00e0 haute fr\u00e9quence de votre produit, les explosifs, les impacts, les explosions d&#039;\u00e9nergie, les crashs et bien plus encore.\n\t\t\t<a href=\"https:\/\/spectraldynamics.eu\/fr\/learn-about-our-company\/contact-us\/\" target=\"_self\" rel=\"noopener\">\n\t\t\t\t\t\t\tNous contacter\n\t\t\t\t\t<\/a>\n\t\t<h3>Vous ne savez pas quel syst\u00e8me correspond \u00e0 vos besoins\u00a0?<\/h3>\n\t\tNous sommes l\u00e0 pour vous aider \u00e0 choisir la bonne solution.\n\t\t\t<a href=\"https:\/\/spectraldynamics.eu\/fr\/learn-about-our-company\/contact-us\/\" target=\"_self\" rel=\"noopener\">\n\t\t\t\t\t\t\tContactez-nous pour des conseils\n\t\t\t\t\t<\/a>","protected":false},"excerpt":{"rendered":"<p>Mesures et analyses dynamiques. Spectral Dynamics France est votre partenaire pour vos mesures et analyses, et nous sommes \u00e9galement \u00e0 vos c\u00f4t\u00e9s pour r\u00e9aliser vos essais dans les meilleures conditions. Syst\u00e8mes ROTEC\u00a0: Nous sommes votre interlocuteur pour tous vos projets de vibrations torsionnelles. Nous avons d\u00e9velopp\u00e9 un partenariat avec ROTEC, leader du march\u00e9 des syst\u00e8mes de mesure des vibrations torsionnelles [\u2026]<\/p>","protected":false},"author":4,"featured_media":0,"parent":12,"menu_order":0,"comment_status":"closed","ping_status":"closed","template":"","meta":[],"acf":[],"yoast_head":"<!-- This site is optimized with the Yoast SEO plugin v21.3 - https:\/\/yoast.com\/wordpress\/plugins\/seo\/ -->\n<title>Dynamic Measurements and Analysis | Spectral Dynamics France<\/title>\n<meta name=\"description\" content=\"Spectral Dynamics France works with measurements and analysis systems. Our team will provide you a complete solution to perform your test.\" \/>\n<meta name=\"robots\" content=\"index, follow, max-snippet:-1, max-image-preview:large, max-video-preview:-1\" \/>\n<link rel=\"canonical\" href=\"https:\/\/spectraldynamics.eu\/fr\/see-our-solutions\/dynamic-measurements-and-analysis\/\" \/>\n<meta property=\"og:locale\" content=\"fr_FR\" \/>\n<meta property=\"og:type\" content=\"article\" \/>\n<meta property=\"og:title\" content=\"Dynamic Measurements and Analysis | Spectral Dynamics France\" \/>\n<meta property=\"og:description\" content=\"Spectral Dynamics France works with measurements and analysis systems. Our team will provide you a complete solution to perform your test.\" \/>\n<meta property=\"og:url\" content=\"https:\/\/spectraldynamics.eu\/fr\/see-our-solutions\/dynamic-measurements-and-analysis\/\" \/>\n<meta property=\"og:site_name\" content=\"Spectral Dynamics\" \/>\n<meta property=\"article:publisher\" content=\"https:\/\/www.facebook.com\/Spectral-Dynamics-116990255000523\/\" \/>\n<meta property=\"article:modified_time\" content=\"2025-07-16T07:31:51+00:00\" \/>\n<meta property=\"og:image\" content=\"https:\/\/spectraldynamics.eu\/wp-content\/uploads\/2023\/01\/MeasuringChain-Acceleration_V4-1024x1024.jpg\" \/>\n<meta name=\"twitter:card\" content=\"summary_large_image\" \/>\n<meta name=\"twitter:label1\" content=\"Dur\u00e9e de lecture estim\u00e9e\" \/>\n\t<meta name=\"twitter:data1\" content=\"2 minutes\" \/>\n<script type=\"application\/ld+json\" class=\"yoast-schema-graph\">{\"@context\":\"https:\/\/schema.org\",\"@graph\":[{\"@type\":\"WebPage\",\"@id\":\"https:\/\/spectraldynamics.eu\/see-our-solutions\/dynamic-measurements-and-analysis\/\",\"url\":\"https:\/\/spectraldynamics.eu\/see-our-solutions\/dynamic-measurements-and-analysis\/\",\"name\":\"Dynamic Measurements and Analysis | Spectral Dynamics France\",\"isPartOf\":{\"@id\":\"https:\/\/spectraldynamics.eu\/#website\"},\"datePublished\":\"2020-10-26T13:02:20+00:00\",\"dateModified\":\"2025-07-16T07:31:51+00:00\",\"description\":\"Spectral Dynamics France works with measurements and analysis systems. Our team will provide you a complete solution to perform your test.\",\"breadcrumb\":{\"@id\":\"https:\/\/spectraldynamics.eu\/see-our-solutions\/dynamic-measurements-and-analysis\/#breadcrumb\"},\"inLanguage\":\"fr-FR\",\"potentialAction\":[{\"@type\":\"ReadAction\",\"target\":[\"https:\/\/spectraldynamics.eu\/see-our-solutions\/dynamic-measurements-and-analysis\/\"]}]},{\"@type\":\"BreadcrumbList\",\"@id\":\"https:\/\/spectraldynamics.eu\/see-our-solutions\/dynamic-measurements-and-analysis\/#breadcrumb\",\"itemListElement\":[{\"@type\":\"ListItem\",\"position\":1,\"name\":\"Homepage\",\"item\":\"https:\/\/spectraldynamics.eu\/\"},{\"@type\":\"ListItem\",\"position\":2,\"name\":\"Our solutions\",\"item\":\"https:\/\/spectraldynamics.eu\/see-our-solutions\/\"},{\"@type\":\"ListItem\",\"position\":3,\"name\":\"Dynamic measurements and analysis\"}]},{\"@type\":\"WebSite\",\"@id\":\"https:\/\/spectraldynamics.eu\/#website\",\"url\":\"https:\/\/spectraldynamics.eu\/\",\"name\":\"Spectral Dynamics\",\"description\":\"\",\"publisher\":{\"@id\":\"https:\/\/spectraldynamics.eu\/#organization\"},\"potentialAction\":[{\"@type\":\"SearchAction\",\"target\":{\"@type\":\"EntryPoint\",\"urlTemplate\":\"https:\/\/spectraldynamics.eu\/?s={search_term_string}\"},\"query-input\":\"required name=search_term_string\"}],\"inLanguage\":\"fr-FR\"},{\"@type\":\"Organization\",\"@id\":\"https:\/\/spectraldynamics.eu\/#organization\",\"name\":\"Spectral Dynamics\",\"url\":\"https:\/\/spectraldynamics.eu\/\",\"logo\":{\"@type\":\"ImageObject\",\"inLanguage\":\"fr-FR\",\"@id\":\"https:\/\/spectraldynamics.eu\/#\/schema\/logo\/image\/\",\"url\":\"\",\"contentUrl\":\"\",\"caption\":\"Spectral Dynamics\"},\"image\":{\"@id\":\"https:\/\/spectraldynamics.eu\/#\/schema\/logo\/image\/\"},\"sameAs\":[\"https:\/\/www.facebook.com\/Spectral-Dynamics-116990255000523\/\",\"https:\/\/www.youtube.com\/channel\/UCEPFhx_26dmu19mxRRBhYWg\"]}]}<\/script>\n<!-- \/ Yoast SEO plugin. -->","yoast_head_json":{"title":"Dynamic Measurements and Analysis | Spectral Dynamics France","description":"Spectral Dynamics France works with measurements and analysis systems. Our team will provide you a complete solution to perform your test.","robots":{"index":"index","follow":"follow","max-snippet":"max-snippet:-1","max-image-preview":"max-image-preview:large","max-video-preview":"max-video-preview:-1"},"canonical":"https:\/\/spectraldynamics.eu\/fr\/see-our-solutions\/dynamic-measurements-and-analysis\/","og_locale":"fr_FR","og_type":"article","og_title":"Dynamic Measurements and Analysis | Spectral Dynamics France","og_description":"Spectral Dynamics France works with measurements and analysis systems. Our team will provide you a complete solution to perform your test.","og_url":"https:\/\/spectraldynamics.eu\/fr\/see-our-solutions\/dynamic-measurements-and-analysis\/","og_site_name":"Spectral Dynamics","article_publisher":"https:\/\/www.facebook.com\/Spectral-Dynamics-116990255000523\/","article_modified_time":"2025-07-16T07:31:51+00:00","og_image":[{"url":"https:\/\/spectraldynamics.eu\/wp-content\/uploads\/2023\/01\/MeasuringChain-Acceleration_V4-1024x1024.jpg"}],"twitter_card":"summary_large_image","twitter_misc":{"Dur\u00e9e de lecture estim\u00e9e":"2 minutes"},"schema":{"@context":"https:\/\/schema.org","@graph":[{"@type":"WebPage","@id":"https:\/\/spectraldynamics.eu\/see-our-solutions\/dynamic-measurements-and-analysis\/","url":"https:\/\/spectraldynamics.eu\/see-our-solutions\/dynamic-measurements-and-analysis\/","name":"Dynamic Measurements and Analysis | Spectral Dynamics France","isPartOf":{"@id":"https:\/\/spectraldynamics.eu\/#website"},"datePublished":"2020-10-26T13:02:20+00:00","dateModified":"2025-07-16T07:31:51+00:00","description":"Spectral Dynamics France works with measurements and analysis systems. Our team will provide you a complete solution to perform your test.","breadcrumb":{"@id":"https:\/\/spectraldynamics.eu\/see-our-solutions\/dynamic-measurements-and-analysis\/#breadcrumb"},"inLanguage":"fr-FR","potentialAction":[{"@type":"ReadAction","target":["https:\/\/spectraldynamics.eu\/see-our-solutions\/dynamic-measurements-and-analysis\/"]}]},{"@type":"BreadcrumbList","@id":"https:\/\/spectraldynamics.eu\/see-our-solutions\/dynamic-measurements-and-analysis\/#breadcrumb","itemListElement":[{"@type":"ListItem","position":1,"name":"Homepage","item":"https:\/\/spectraldynamics.eu\/"},{"@type":"ListItem","position":2,"name":"Our solutions","item":"https:\/\/spectraldynamics.eu\/see-our-solutions\/"},{"@type":"ListItem","position":3,"name":"Dynamic measurements and analysis"}]},{"@type":"WebSite","@id":"https:\/\/spectraldynamics.eu\/#website","url":"https:\/\/spectraldynamics.eu\/","name":"Spectral Dynamics","description":"","publisher":{"@id":"https:\/\/spectraldynamics.eu\/#organization"},"potentialAction":[{"@type":"SearchAction","target":{"@type":"EntryPoint","urlTemplate":"https:\/\/spectraldynamics.eu\/?s={search_term_string}"},"query-input":"required name=search_term_string"}],"inLanguage":"fr-FR"},{"@type":"Organization","@id":"https:\/\/spectraldynamics.eu\/#organization","name":"Spectral Dynamics","url":"https:\/\/spectraldynamics.eu\/","logo":{"@type":"ImageObject","inLanguage":"fr-FR","@id":"https:\/\/spectraldynamics.eu\/#\/schema\/logo\/image\/","url":"","contentUrl":"","caption":"Spectral Dynamics"},"image":{"@id":"https:\/\/spectraldynamics.eu\/#\/schema\/logo\/image\/"},"sameAs":["https:\/\/www.facebook.com\/Spectral-Dynamics-116990255000523\/","https:\/\/www.youtube.com\/channel\/UCEPFhx_26dmu19mxRRBhYWg"]}]}},"_links":{"self":[{"href":"https:\/\/spectraldynamics.eu\/fr\/wp-json\/wp\/v2\/pages\/50"}],"collection":[{"href":"https:\/\/spectraldynamics.eu\/fr\/wp-json\/wp\/v2\/pages"}],"about":[{"href":"https:\/\/spectraldynamics.eu\/fr\/wp-json\/wp\/v2\/types\/page"}],"author":[{"embeddable":true,"href":"https:\/\/spectraldynamics.eu\/fr\/wp-json\/wp\/v2\/users\/4"}],"replies":[{"embeddable":true,"href":"https:\/\/spectraldynamics.eu\/fr\/wp-json\/wp\/v2\/comments?post=50"}],"version-history":[{"count":27,"href":"https:\/\/spectraldynamics.eu\/fr\/wp-json\/wp\/v2\/pages\/50\/revisions"}],"predecessor-version":[{"id":1834,"href":"https:\/\/spectraldynamics.eu\/fr\/wp-json\/wp\/v2\/pages\/50\/revisions\/1834"}],"up":[{"embeddable":true,"href":"https:\/\/spectraldynamics.eu\/fr\/wp-json\/wp\/v2\/pages\/12"}],"wp:attachment":[{"href":"https:\/\/spectraldynamics.eu\/fr\/wp-json\/wp\/v2\/media?parent=50"}],"curies":[{"name":"wp","href":"https:\/\/api.w.org\/{rel}","templated":true}]}}