{"id":46,"date":"2020-10-26T14:01:55","date_gmt":"2020-10-26T13:01:55","guid":{"rendered":"http:\/\/spectraldynamics.eu\/?page_id=46"},"modified":"2025-07-18T10:24:01","modified_gmt":"2025-07-18T08:24:01","slug":"vibration-test-systems","status":"publish","type":"page","link":"https:\/\/spectraldynamics.eu\/fr\/see-our-solutions\/vibration-test-systems\/","title":{"rendered":"Bancs d'essais en vibrations"},"content":{"rendered":"<span><span><a href=\"https:\/\/spectraldynamics.eu\/fr\/\">Page d&#039;accueil<\/a><\/span><\/span>\n<h1>\n\t\tSyst\u00e8mes d&#039;essai de vibrations \n\t<\/h1>\n\t<p>Qu&#039;il s&#039;agisse de valider la durabilit\u00e9, de simuler les conditions de transport ou de garantir les performances d&#039;un produit sous contrainte, les essais vibratoires sont essentiels. Chez Spectral Dynamics France, nous proposons une large gamme de syst\u00e8mes d&#039;essais vibratoires, tels que des vibrateurs \u00e9lectrodynamiques et des vibrateurs hydrauliques.<\/p>\n<p>Nos experts vous aideront \u00e0 trouver le syst\u00e8me ad\u00e9quat \u00e0 votre application.<\/p>\n\t\t\t\t<img decoding=\"async\" loading=\"lazy\" src=\"https:\/\/spectraldynamics.eu\/wp-content\/uploads\/2021\/03\/lynx_jaguar-min-1024x683.jpg\" alt=\"Vibration controllers\" itemprop=\"image\" height=\"427\" width=\"640\" title=\"lynx_jaguar-min\" onerror=\"this.style.display='none'\">\n<h2>\n\t\tContr\u00f4leurs de vibrations\n\t<\/h2>\n\tPour contr\u00f4ler un vibrateur \u00e9lectrodynamique ou un syst\u00e8me de vibration hydraulique et r\u00e9aliser correctement votre test, le r\u00f4le du contr\u00f4leur de vibration est essentiel.<br>\nGr\u00e2ce aux contr\u00f4leurs Spectral Dynamics Lynx<sup>TM<\/sup> et Jaguar<sup>TM<\/sup>, le niveau de vibration sera conforme aux sp\u00e9cifications et le comportement dynamique du syst\u00e8me complet sera compens\u00e9.\n\t\t\t<a href=\"http:\/\/spectraldynamics.eu\/fr\/see-our-solutions\/vibration-and-acoustic-controllers\/\" target=\"_self\" rel=\"noopener\">\n\t\t\t\t\t\t\tLire la suite\n\t\t\t\t\t<\/a>\n\t\t\t\t<img decoding=\"async\" loading=\"lazy\" src=\"https:\/\/spectraldynamics.eu\/wp-content\/uploads\/2021\/03\/ED-min-1024x683.jpg\" alt=\"Electrodynamic vibration systems\" itemprop=\"image\" height=\"427\" width=\"640\" title=\"ED-min\" onerror=\"this.style.display='none'\">\n<h2>\n\t\tVibrateurs \u00e9lectrodynamiques \n\t<\/h2>\n\t<p>Gr\u00e2ce \u00e0 notre partenariat \u00e9troit avec TIRA GmbH, nous proposons une large gamme de syst\u00e8mes d&#039;essais de vibrations, tels que des vibrateurs \u00e9lectrodynamiques, de 9 N \u00e0 300 kN.<\/p>\n<p>Qu&#039;il s&#039;agisse d&#039;analyse modale, d&#039;\u00e9talonnage ou d&#039;essais \u00e0 force \u00e9lev\u00e9e, ces syst\u00e8mes sont modulaires et hautement personnalisables. Disponibles avec des tables coulissantes, des options de course longue, des expanseurs de t\u00eate et des amplificateurs analogiques et num\u00e9riques, ils sont parfaits pour les essais de pr\u00e9cision en R&amp;D et en production.<\/p>\n<p>&nbsp;<\/p>\n\t\t\t<a href=\"http:\/\/spectraldynamics.eu\/fr\/products\/ed-vibration-systems\/\" target=\"_self\" rel=\"noopener\">\n\t\t\t\t\t\t\tLire la suite\n\t\t\t\t\t<\/a>\n\t\t\t\t<img decoding=\"async\" loading=\"lazy\" src=\"https:\/\/spectraldynamics.eu\/wp-content\/uploads\/2021\/03\/Hydraulic-vibration-systems-min-1024x683.jpg\" alt=\"Hydraulic vibration systems\" itemprop=\"image\" height=\"427\" width=\"640\" title=\"Syst\u00e8mes-de-vibration-hydraulique-min\" onerror=\"this.style.display='none'\">\n<h2>\n\t\tSyst\u00e8mes HV\n\t<\/h2>\n\t<p>Con\u00e7us pour les charges utiles importantes et lourdes, nos syst\u00e8mes de vibration hydraulique de LAB Equipment offrent des performances puissantes sur une large gamme de tests, des balayages sinuso\u00efdaux de base aux simulations avanc\u00e9es en temps r\u00e9el.<\/p>\n<p>Con\u00e7us pour r\u00e9pondre aux normes ASTM, ISTA, DOT, ISO et autres normes industrielles, ils sont parfaitement adapt\u00e9s aux applications de simulation d&#039;emballage, d&#039;automobile et de transport.<\/p>\n\t\t\t<a href=\"https:\/\/spectraldynamics.eu\/fr\/learn-about-our-company\/contact-us\/\" target=\"_self\" rel=\"noopener\">\n\t\t\t\t\t\t\tContactez-nous pour plus d&#039;informations\n\t\t\t\t\t<\/a>\n\t\t\t\t<img decoding=\"async\" loading=\"lazy\" src=\"https:\/\/spectraldynamics.eu\/wp-content\/uploads\/2021\/03\/Combine_LAB_other_Vibration-Test-systems-min-1024x683.jpg\" alt=\"Other vibration systems\" itemprop=\"image\" height=\"427\" width=\"640\" title=\"Combine_LAB_other_Vibration-Test-systems-min\" onerror=\"this.style.display='none'\">\n<h2>\n\t\tAutres syst\u00e8mes de test en vibrations\n\t<\/h2>\n\t<p>Pour r\u00e9pondre \u00e0 une grande vari\u00e9t\u00e9 de besoins en mati\u00e8re d&#039;essais vibratoires, LAB Equipment con\u00e7oit des testeurs de vibrations m\u00e9caniques et des simulateurs de transport. Ces syst\u00e8mes sont particuli\u00e8rement utiles pour la validation des emballages, les essais de mouvements r\u00e9p\u00e9titifs et les simulations de transport.<\/p>\n<p>&nbsp;<\/p>\n\t\t\t<a href=\"https:\/\/spectraldynamics.eu\/fr\/learn-about-our-company\/contact-us\/\" target=\"_self\" rel=\"noopener\">\n\t\t\t\t\t\t\tContactez-nous pour plus d&#039;informations \n\t\t\t\t\t<\/a>\n\t\t<h3>Vous ne savez pas quel syst\u00e8me correspond \u00e0 vos besoins\u00a0?<\/h3>\n\t\tNous sommes l\u00e0 pour vous aider \u00e0 choisir la bonne solution.\n\t\t\t<a href=\"https:\/\/spectraldynamics.eu\/fr\/learn-about-our-company\/contact-us\/\" target=\"_self\" rel=\"noopener\">\n\t\t\t\t\t\t\tContactez-nous pour des conseils\n\t\t\t\t\t<\/a>","protected":false},"excerpt":{"rendered":"<p>Syst\u00e8mes d&#039;essais vibratoires. Qu&#039;il s&#039;agisse de valider la durabilit\u00e9, de simuler les conditions de transport ou de garantir les performances d&#039;un produit sous contrainte, les essais vibratoires sont essentiels. Chez Spectral Dynamics France, nous proposons une large gamme de syst\u00e8mes d&#039;essais vibratoires, tels que des vibrateurs \u00e9lectrodynamiques et des vibrateurs hydrauliques. Nos experts vous aideront \u00e0 trouver le syst\u00e8me adapt\u00e9 \u00e0 votre application. Contr\u00f4leurs de vibrations [\u2026]<\/p>","protected":false},"author":4,"featured_media":268,"parent":12,"menu_order":0,"comment_status":"closed","ping_status":"closed","template":"","meta":[],"acf":[],"yoast_head":"<!-- This site is optimized with the Yoast SEO plugin v21.3 - https:\/\/yoast.com\/wordpress\/plugins\/seo\/ -->\n<title>Vibration test systems | Shakers | Spectral Dynamics France<\/title>\n<meta name=\"description\" content=\"With our partnerships with L.A.B. and TIRA-GmBh, Spectral Dynamics France provides a wide range of vibration test systems, ED and HV shakers\" \/>\n<meta name=\"robots\" content=\"index, follow, max-snippet:-1, max-image-preview:large, max-video-preview:-1\" \/>\n<link rel=\"canonical\" href=\"https:\/\/spectraldynamics.eu\/fr\/see-our-solutions\/vibration-test-systems\/\" \/>\n<meta property=\"og:locale\" content=\"fr_FR\" \/>\n<meta property=\"og:type\" content=\"article\" \/>\n<meta property=\"og:title\" content=\"Vibration test systems | Shakers | Spectral Dynamics France\" \/>\n<meta property=\"og:description\" content=\"With our partnerships with L.A.B. and TIRA-GmBh, Spectral Dynamics France provides a wide range of vibration test systems, ED and HV shakers\" \/>\n<meta property=\"og:url\" content=\"https:\/\/spectraldynamics.eu\/fr\/see-our-solutions\/vibration-test-systems\/\" \/>\n<meta property=\"og:site_name\" content=\"Spectral Dynamics\" \/>\n<meta property=\"article:publisher\" content=\"https:\/\/www.facebook.com\/Spectral-Dynamics-116990255000523\/\" \/>\n<meta property=\"article:modified_time\" content=\"2025-07-18T08:24:01+00:00\" \/>\n<meta property=\"og:image\" content=\"https:\/\/spectraldynamics.eu\/wp-content\/uploads\/2021\/03\/LAB_TIRA_VIB_SYS_web.png\" \/>\n\t<meta property=\"og:image:width\" content=\"600\" \/>\n\t<meta property=\"og:image:height\" content=\"599\" \/>\n\t<meta property=\"og:image:type\" content=\"image\/png\" \/>\n<meta name=\"twitter:card\" content=\"summary_large_image\" \/>\n<meta name=\"twitter:label1\" content=\"Dur\u00e9e de lecture estim\u00e9e\" \/>\n\t<meta name=\"twitter:data1\" content=\"3 minutes\" \/>\n<script type=\"application\/ld+json\" class=\"yoast-schema-graph\">{\"@context\":\"https:\/\/schema.org\",\"@graph\":[{\"@type\":\"WebPage\",\"@id\":\"https:\/\/spectraldynamics.eu\/see-our-solutions\/vibration-test-systems\/\",\"url\":\"https:\/\/spectraldynamics.eu\/see-our-solutions\/vibration-test-systems\/\",\"name\":\"Vibration test systems | Shakers | Spectral Dynamics France\",\"isPartOf\":{\"@id\":\"https:\/\/spectraldynamics.eu\/#website\"},\"datePublished\":\"2020-10-26T13:01:55+00:00\",\"dateModified\":\"2025-07-18T08:24:01+00:00\",\"description\":\"With our partnerships with L.A.B. and TIRA-GmBh, Spectral Dynamics France provides a wide range of vibration test systems, ED and HV shakers\",\"breadcrumb\":{\"@id\":\"https:\/\/spectraldynamics.eu\/see-our-solutions\/vibration-test-systems\/#breadcrumb\"},\"inLanguage\":\"fr-FR\",\"potentialAction\":[{\"@type\":\"ReadAction\",\"target\":[\"https:\/\/spectraldynamics.eu\/see-our-solutions\/vibration-test-systems\/\"]}]},{\"@type\":\"BreadcrumbList\",\"@id\":\"https:\/\/spectraldynamics.eu\/see-our-solutions\/vibration-test-systems\/#breadcrumb\",\"itemListElement\":[{\"@type\":\"ListItem\",\"position\":1,\"name\":\"Homepage\",\"item\":\"https:\/\/spectraldynamics.eu\/\"},{\"@type\":\"ListItem\",\"position\":2,\"name\":\"Our solutions\",\"item\":\"https:\/\/spectraldynamics.eu\/see-our-solutions\/\"},{\"@type\":\"ListItem\",\"position\":3,\"name\":\"Vibration test systems\"}]},{\"@type\":\"WebSite\",\"@id\":\"https:\/\/spectraldynamics.eu\/#website\",\"url\":\"https:\/\/spectraldynamics.eu\/\",\"name\":\"Spectral Dynamics\",\"description\":\"\",\"publisher\":{\"@id\":\"https:\/\/spectraldynamics.eu\/#organization\"},\"potentialAction\":[{\"@type\":\"SearchAction\",\"target\":{\"@type\":\"EntryPoint\",\"urlTemplate\":\"https:\/\/spectraldynamics.eu\/?s={search_term_string}\"},\"query-input\":\"required name=search_term_string\"}],\"inLanguage\":\"fr-FR\"},{\"@type\":\"Organization\",\"@id\":\"https:\/\/spectraldynamics.eu\/#organization\",\"name\":\"Spectral Dynamics\",\"url\":\"https:\/\/spectraldynamics.eu\/\",\"logo\":{\"@type\":\"ImageObject\",\"inLanguage\":\"fr-FR\",\"@id\":\"https:\/\/spectraldynamics.eu\/#\/schema\/logo\/image\/\",\"url\":\"\",\"contentUrl\":\"\",\"caption\":\"Spectral Dynamics\"},\"image\":{\"@id\":\"https:\/\/spectraldynamics.eu\/#\/schema\/logo\/image\/\"},\"sameAs\":[\"https:\/\/www.facebook.com\/Spectral-Dynamics-116990255000523\/\",\"https:\/\/www.youtube.com\/channel\/UCEPFhx_26dmu19mxRRBhYWg\"]}]}<\/script>\n<!-- \/ Yoast SEO plugin. -->","yoast_head_json":{"title":"Vibration test systems | Shakers | Spectral Dynamics France","description":"With our partnerships with L.A.B. and TIRA-GmBh, Spectral Dynamics France provides a wide range of vibration test systems, ED and HV shakers","robots":{"index":"index","follow":"follow","max-snippet":"max-snippet:-1","max-image-preview":"max-image-preview:large","max-video-preview":"max-video-preview:-1"},"canonical":"https:\/\/spectraldynamics.eu\/fr\/see-our-solutions\/vibration-test-systems\/","og_locale":"fr_FR","og_type":"article","og_title":"Vibration test systems | Shakers | Spectral Dynamics France","og_description":"With our partnerships with L.A.B. and TIRA-GmBh, Spectral Dynamics France provides a wide range of vibration test systems, ED and HV shakers","og_url":"https:\/\/spectraldynamics.eu\/fr\/see-our-solutions\/vibration-test-systems\/","og_site_name":"Spectral Dynamics","article_publisher":"https:\/\/www.facebook.com\/Spectral-Dynamics-116990255000523\/","article_modified_time":"2025-07-18T08:24:01+00:00","og_image":[{"width":600,"height":599,"url":"https:\/\/spectraldynamics.eu\/wp-content\/uploads\/2021\/03\/LAB_TIRA_VIB_SYS_web.png","type":"image\/png"}],"twitter_card":"summary_large_image","twitter_misc":{"Dur\u00e9e de lecture estim\u00e9e":"3 minutes"},"schema":{"@context":"https:\/\/schema.org","@graph":[{"@type":"WebPage","@id":"https:\/\/spectraldynamics.eu\/see-our-solutions\/vibration-test-systems\/","url":"https:\/\/spectraldynamics.eu\/see-our-solutions\/vibration-test-systems\/","name":"Vibration test systems | Shakers | Spectral Dynamics France","isPartOf":{"@id":"https:\/\/spectraldynamics.eu\/#website"},"datePublished":"2020-10-26T13:01:55+00:00","dateModified":"2025-07-18T08:24:01+00:00","description":"With our partnerships with L.A.B. and TIRA-GmBh, Spectral Dynamics France provides a wide range of vibration test systems, ED and HV shakers","breadcrumb":{"@id":"https:\/\/spectraldynamics.eu\/see-our-solutions\/vibration-test-systems\/#breadcrumb"},"inLanguage":"fr-FR","potentialAction":[{"@type":"ReadAction","target":["https:\/\/spectraldynamics.eu\/see-our-solutions\/vibration-test-systems\/"]}]},{"@type":"BreadcrumbList","@id":"https:\/\/spectraldynamics.eu\/see-our-solutions\/vibration-test-systems\/#breadcrumb","itemListElement":[{"@type":"ListItem","position":1,"name":"Homepage","item":"https:\/\/spectraldynamics.eu\/"},{"@type":"ListItem","position":2,"name":"Our solutions","item":"https:\/\/spectraldynamics.eu\/see-our-solutions\/"},{"@type":"ListItem","position":3,"name":"Vibration test systems"}]},{"@type":"WebSite","@id":"https:\/\/spectraldynamics.eu\/#website","url":"https:\/\/spectraldynamics.eu\/","name":"Spectral Dynamics","description":"","publisher":{"@id":"https:\/\/spectraldynamics.eu\/#organization"},"potentialAction":[{"@type":"SearchAction","target":{"@type":"EntryPoint","urlTemplate":"https:\/\/spectraldynamics.eu\/?s={search_term_string}"},"query-input":"required name=search_term_string"}],"inLanguage":"fr-FR"},{"@type":"Organization","@id":"https:\/\/spectraldynamics.eu\/#organization","name":"Spectral Dynamics","url":"https:\/\/spectraldynamics.eu\/","logo":{"@type":"ImageObject","inLanguage":"fr-FR","@id":"https:\/\/spectraldynamics.eu\/#\/schema\/logo\/image\/","url":"","contentUrl":"","caption":"Spectral Dynamics"},"image":{"@id":"https:\/\/spectraldynamics.eu\/#\/schema\/logo\/image\/"},"sameAs":["https:\/\/www.facebook.com\/Spectral-Dynamics-116990255000523\/","https:\/\/www.youtube.com\/channel\/UCEPFhx_26dmu19mxRRBhYWg"]}]}},"_links":{"self":[{"href":"https:\/\/spectraldynamics.eu\/fr\/wp-json\/wp\/v2\/pages\/46"}],"collection":[{"href":"https:\/\/spectraldynamics.eu\/fr\/wp-json\/wp\/v2\/pages"}],"about":[{"href":"https:\/\/spectraldynamics.eu\/fr\/wp-json\/wp\/v2\/types\/page"}],"author":[{"embeddable":true,"href":"https:\/\/spectraldynamics.eu\/fr\/wp-json\/wp\/v2\/users\/4"}],"replies":[{"embeddable":true,"href":"https:\/\/spectraldynamics.eu\/fr\/wp-json\/wp\/v2\/comments?post=46"}],"version-history":[{"count":33,"href":"https:\/\/spectraldynamics.eu\/fr\/wp-json\/wp\/v2\/pages\/46\/revisions"}],"predecessor-version":[{"id":1915,"href":"https:\/\/spectraldynamics.eu\/fr\/wp-json\/wp\/v2\/pages\/46\/revisions\/1915"}],"up":[{"embeddable":true,"href":"https:\/\/spectraldynamics.eu\/fr\/wp-json\/wp\/v2\/pages\/12"}],"wp:featuredmedia":[{"embeddable":true,"href":"https:\/\/spectraldynamics.eu\/fr\/wp-json\/wp\/v2\/media\/268"}],"wp:attachment":[{"href":"https:\/\/spectraldynamics.eu\/fr\/wp-json\/wp\/v2\/media?parent=46"}],"curies":[{"name":"wp","href":"https:\/\/api.w.org\/{rel}","templated":true}]}}