{"id":37,"date":"2020-10-26T11:30:04","date_gmt":"2020-10-26T10:30:04","guid":{"rendered":"http:\/\/spectraldynamics.eu\/?page_id=37"},"modified":"2021-04-27T13:31:33","modified_gmt":"2021-04-27T11:31:33","slug":"legals","status":"publish","type":"page","link":"https:\/\/spectraldynamics.eu\/fr\/legals\/","title":{"rendered":"Mentions l\u00e9gales"},"content":{"rendered":"<h1><strong>MENTIONS L\u00c9GALES<\/strong><\/h1>\n<p>&nbsp;<\/p>\n<p>Veuillez lire attentivement les pr\u00e9sentes conditions d&#039;utilisation de ce site. En vous connectant \u00e0 ce site, vous acceptez ces termes et conditions.<\/p>\n\n\n<p>Spectral Dynamics SARL<\/p>\n<p>Adresse : 8 Rue L\u00e9on B\u00e9ridot 38500 VOIRON-FRANCE<\/p>\n<p>T\u00e9l\u00e9phone : +33 (0) 4 58 09 04 04<\/p>\n<p>Spectral Dynamics SARL est une soci\u00e9t\u00e9 au capital social de 150 000 \u20ac.<\/p>\n<p>Directeur de la publication : M. Damien GOURGAUD<\/p>\n<p>&nbsp;<\/p>\n\n<p>OVH SAS 2 rue kellermann BP 80157 59053 ROUBAIX CEDEX 1 \u2013 France<\/p>\n<p>&nbsp;<\/p>\n\n<p>Le site accessible par l&#039;url suivant : https:\/\/spectraldynamics.eu est exploit\u00e9 dans le respect de la l\u00e9gislation fran\u00e7aise. L&#039;utilisation de ce site est r\u00e9gie par les pr\u00e9sentes conditions g\u00e9n\u00e9rales. En utilisant le site, vous reconnaissez avoir pris connaissance de ces conditions et les avoir accept\u00e9es. Celles-ci peuvent \u00eatre modifi\u00e9es \u00e0 tout moment et sans pr\u00e9avis par Spectral Dynamics.<\/p>\n<p>Spectral Dynamics ne peut en aucun cas \u00eatre tenu responsable d&#039;une mauvaise utilisation du service.<\/p>\n<p>&nbsp;<\/p>\n\n<p>Les informations contenues sur ce site sont aussi pr\u00e9cises que possibles et le site est p\u00e9riodiquement remis \u00e0 jour, mais peut toutefois contenir des inexactitudes, des omissions ou des lacunes. Si vous constatez une lacune, une erreur ou ce qui parait \u00eatre un dysfonctionnement, merci de le signaler par mail en d\u00e9crivant le probl\u00e8me le plus pr\u00e9cis\u00e9ment possible (page posant probl\u00e8me, action d\u00e9clenchante, type d&#039;ordinateur et de navigateur utilis\u00e9,\u2026).<\/p>\n<p>Tout contenu t\u00e9l\u00e9charg\u00e9 se fait aux risques et p\u00e9rils de l&#039;utilisateur et sous sa seule responsabilit\u00e9. En cons\u00e9quence, Spectral Dynamics ne pourra \u00eatre tenu responsable d&#039;un dommage subi par l&#039;ordinateur de l&#039;utilisateur ou d&#039;une quelconque perte de donn\u00e9es cons\u00e9cutives au t\u00e9l\u00e9chargement. Les photos ne sont pas contractuelles. Les liens hypertextes mis en place dans le cadre de ce site internet en direction d&#039;autres ressources pr\u00e9sentes sur le r\u00e9seau Internet ne sauraient engager la responsabilit\u00e9 de Spectral Dynamics.<\/p>\n<p>&nbsp;<\/p>\n\n<p>Les cookies sont des fichiers contenant une petite quantit\u00e9 de donn\u00e9es, qui peuvent inclure un identifiant unique anonyme. Les cookies sont envoy\u00e9s \u00e0 votre navigateur \u00e0 partir d&#039;un site Web et stock\u00e9s sur le disque dur de votre ordinateur.<\/p>\n<p>Comme de nombreux sites, nous utilisons des \u00ab cookies \u00bb pour collecter des informations. Vous pouvez demander \u00e0 votre navigateur de refuser tous les cookies ou d&#039;indiquer quand un cookie est envoy\u00e9. Cependant, si vous n&#039;acceptez pas les cookies, vous ne pourrez peut-\u00eatre pas utiliser certaines parties de notre Site.<\/p>\n\n\n<p>Les donn\u00e9es personnelles fournies pour la newsletter et avec le formulaire de contact sont partag\u00e9es entre nos bureaux en France, en Allemagne et au Royaume-Uni.<\/p>\n<p>En application de la loi, les internautes disposent d&#039;un droit d&#039;acc\u00e8s, de rectification, de modification et de suppression des donn\u00e9es les concernant personnellement. Ces droits peuvent \u00eatre exerc\u00e9s en contactant le DPO Spectral Dynamics SARL : Damien GOURGAUD aux coordonn\u00e9es suivantes :<\/p>\n<p>Par courrier : Spectral Dynamics SARL \/ M. Damien GOURGAUD<\/p>\n<p>8 Rue L\u00e9on B\u00e9ridot 38500 VOIRON-FRANCE<\/p>\n<p>ou par voie \u00e9lectronique avec le formulaire de contact<\/p>\n\n<p>&nbsp;<\/p>\n<p>A d\u00e9faut de r\u00e9ponse, dans un d\u00e9lai de 30 jours, nous pr\u00e9f\u00e9rerons \u00eatre recontact\u00e9s par t\u00e9l\u00e9phone au +33 4 58 09 04 04.<\/p>\n<p>Pour garantir l&#039;exercice effectif de ses droits sur les donn\u00e9es personnelles, l&#039;utilisateur peut introduire une r\u00e9clamation aupr\u00e8s de la Commission Nationale de l&#039;Informatique et des Libert\u00e9s (CNIL).<\/p>\n<p>Pour en savoir plus sur le traitement des donn\u00e9es personnelles par Spectral Dynamics, veuillez lire notre \u00ab politique de confidentialit\u00e9 \u00bb<\/p>\n<p>&nbsp;<\/p>\n\n<p>Tout le contenu du pr\u00e9sent site, incluant, de fa\u00e7on non limitative, les graphismes, images, textes, vid\u00e9os, animations, sons, logos, gifs et ic\u00f4nes ainsi que leur mise en forme sont la propri\u00e9t\u00e9 exclusive de Spectral Dynamics \u00e0 l&#039;exception des marques, logos ou contenus appartenant \u00e0 d&#039;autres soci\u00e9t\u00e9s partenaires ou auteurs. Toute reproduction, distribution, modification, adaptation, retransmission ou publication, m\u00eame partielle, de ces diff\u00e9rents \u00e9l\u00e9ments est strictement interdite sans l&#039;accord expr\u00e8s et \u00e9crit de Spectral Dynamics.<\/p>\n<p>Pour toute demande d&#039;autorisation ou d&#039;information, merci de nous contacter par courrier ou via le formulaire de contact :<\/p>\n\n\n\n<p>Les pr\u00e9sentes conditions sont r\u00e9gies par les lois fran\u00e7aises et toute contestation ou litiges qui pourraient na\u00eetre de l&#039;interpr\u00e9tation ou de l&#039;ex\u00e9cution de celles-ci seront de la comp\u00e9tence exclusive des tribunaux dont d\u00e9pend Spectral Dynamics SARL. La langue de r\u00e9f\u00e9rence, pour le r\u00e8glement des litiges \u00e9ventuels, est le fran\u00e7ais.<\/p>\n<p>&nbsp;<\/p>\n\n<p>Spectral Dynamics est \u00e0 votre disposition pour tout commentaire ou suggestion. Vous pouvez nous appeler ou nous \u00e9crire en fran\u00e7ais ou en anglais avec le formulaire de contact :<\/p>\n\n<p>&nbsp;<\/p>\n<p>&nbsp;<\/p>","protected":false},"excerpt":{"rendered":"<p>MENTIONS L\u00c9GALES Veuillez lire attentivement les pr\u00e9sentes conditions d&#039;utilisation de ce site. En vous connectant \u00e0 ce site, vous acceptez ces termes et conditions. Spectral Dynamics SARL Adresse : 8 Rue L\u00e9on B\u00e9ridot 38500 VOIRON-FRANCE T\u00e9l\u00e9phone : +33 (0)4 58 09 04 04 Spectral Dynamics SARL est une soci\u00e9t\u00e9 au capital social de 150 000 \u20ac. \u00c9dition [\u2026]<\/p>","protected":false},"author":4,"featured_media":0,"parent":0,"menu_order":0,"comment_status":"closed","ping_status":"closed","template":"","meta":[],"acf":[],"yoast_head":"<!-- This site is optimized with the Yoast SEO plugin v21.3 - https:\/\/yoast.com\/wordpress\/plugins\/seo\/ -->\n<title>Legals &#8212; Spectral Dynamics<\/title>\n<meta name=\"robots\" content=\"index, follow, max-snippet:-1, max-image-preview:large, max-video-preview:-1\" \/>\n<link rel=\"canonical\" href=\"https:\/\/spectraldynamics.eu\/fr\/legals\/\" \/>\n<meta property=\"og:locale\" content=\"fr_FR\" \/>\n<meta property=\"og:type\" content=\"article\" \/>\n<meta property=\"og:title\" content=\"Legals &#8212; Spectral Dynamics\" \/>\n<meta property=\"og:description\" content=\"LEGALS &nbsp; Please read these terms of use of this site carefully. By connecting to this website, you accept these terms and conditions. Spectral Dynamics SARL Address: 8 Rue L\u00e9on B\u00e9ridot 38500 VOIRON-FRANCE Phone:\u00a0+33 (0) 4 58 09 04 04 Spectral Dynamics SARL is a company with a share capital of 150 000 \u20ac. Publishing [&hellip;]\" \/>\n<meta property=\"og:url\" content=\"https:\/\/spectraldynamics.eu\/fr\/legals\/\" \/>\n<meta property=\"og:site_name\" content=\"Spectral Dynamics\" \/>\n<meta property=\"article:publisher\" content=\"https:\/\/www.facebook.com\/Spectral-Dynamics-116990255000523\/\" \/>\n<meta property=\"article:modified_time\" content=\"2021-04-27T11:31:33+00:00\" \/>\n<meta property=\"og:image\" content=\"https:\/\/spectraldynamics.eu\/wp-content\/uploads\/2020\/10\/logo.png\" \/>\n\t<meta property=\"og:image:width\" content=\"500\" \/>\n\t<meta property=\"og:image:height\" content=\"198\" \/>\n\t<meta property=\"og:image:type\" content=\"image\/png\" \/>\n<meta name=\"twitter:card\" content=\"summary_large_image\" \/>\n<script type=\"application\/ld+json\" class=\"yoast-schema-graph\">{\"@context\":\"https:\/\/schema.org\",\"@graph\":[{\"@type\":\"WebPage\",\"@id\":\"https:\/\/spectraldynamics.eu\/legals\/\",\"url\":\"https:\/\/spectraldynamics.eu\/legals\/\",\"name\":\"Legals &#8212; Spectral Dynamics\",\"isPartOf\":{\"@id\":\"https:\/\/spectraldynamics.eu\/#website\"},\"datePublished\":\"2020-10-26T10:30:04+00:00\",\"dateModified\":\"2021-04-27T11:31:33+00:00\",\"breadcrumb\":{\"@id\":\"https:\/\/spectraldynamics.eu\/legals\/#breadcrumb\"},\"inLanguage\":\"fr-FR\",\"potentialAction\":[{\"@type\":\"ReadAction\",\"target\":[\"https:\/\/spectraldynamics.eu\/legals\/\"]}]},{\"@type\":\"BreadcrumbList\",\"@id\":\"https:\/\/spectraldynamics.eu\/legals\/#breadcrumb\",\"itemListElement\":[{\"@type\":\"ListItem\",\"position\":1,\"name\":\"Homepage\",\"item\":\"https:\/\/spectraldynamics.eu\/\"},{\"@type\":\"ListItem\",\"position\":2,\"name\":\"Legals\"}]},{\"@type\":\"WebSite\",\"@id\":\"https:\/\/spectraldynamics.eu\/#website\",\"url\":\"https:\/\/spectraldynamics.eu\/\",\"name\":\"Spectral Dynamics\",\"description\":\"\",\"publisher\":{\"@id\":\"https:\/\/spectraldynamics.eu\/#organization\"},\"potentialAction\":[{\"@type\":\"SearchAction\",\"target\":{\"@type\":\"EntryPoint\",\"urlTemplate\":\"https:\/\/spectraldynamics.eu\/?s={search_term_string}\"},\"query-input\":\"required name=search_term_string\"}],\"inLanguage\":\"fr-FR\"},{\"@type\":\"Organization\",\"@id\":\"https:\/\/spectraldynamics.eu\/#organization\",\"name\":\"Spectral Dynamics\",\"url\":\"https:\/\/spectraldynamics.eu\/\",\"logo\":{\"@type\":\"ImageObject\",\"inLanguage\":\"fr-FR\",\"@id\":\"https:\/\/spectraldynamics.eu\/#\/schema\/logo\/image\/\",\"url\":\"\",\"contentUrl\":\"\",\"caption\":\"Spectral Dynamics\"},\"image\":{\"@id\":\"https:\/\/spectraldynamics.eu\/#\/schema\/logo\/image\/\"},\"sameAs\":[\"https:\/\/www.facebook.com\/Spectral-Dynamics-116990255000523\/\",\"https:\/\/www.youtube.com\/channel\/UCEPFhx_26dmu19mxRRBhYWg\"]}]}<\/script>\n<!-- \/ Yoast SEO plugin. -->","yoast_head_json":{"title":"Legals &#8212; Spectral Dynamics","robots":{"index":"index","follow":"follow","max-snippet":"max-snippet:-1","max-image-preview":"max-image-preview:large","max-video-preview":"max-video-preview:-1"},"canonical":"https:\/\/spectraldynamics.eu\/fr\/legals\/","og_locale":"fr_FR","og_type":"article","og_title":"Legals &#8212; Spectral Dynamics","og_description":"LEGALS &nbsp; Please read these terms of use of this site carefully. By connecting to this website, you accept these terms and conditions. Spectral Dynamics SARL Address: 8 Rue L\u00e9on B\u00e9ridot 38500 VOIRON-FRANCE Phone:\u00a0+33 (0) 4 58 09 04 04 Spectral Dynamics SARL is a company with a share capital of 150 000 \u20ac. Publishing [&hellip;]","og_url":"https:\/\/spectraldynamics.eu\/fr\/legals\/","og_site_name":"Spectral Dynamics","article_publisher":"https:\/\/www.facebook.com\/Spectral-Dynamics-116990255000523\/","article_modified_time":"2021-04-27T11:31:33+00:00","og_image":[{"width":500,"height":198,"url":"https:\/\/spectraldynamics.eu\/wp-content\/uploads\/2020\/10\/logo.png","type":"image\/png"}],"twitter_card":"summary_large_image","schema":{"@context":"https:\/\/schema.org","@graph":[{"@type":"WebPage","@id":"https:\/\/spectraldynamics.eu\/legals\/","url":"https:\/\/spectraldynamics.eu\/legals\/","name":"Legals &#8212; Spectral Dynamics","isPartOf":{"@id":"https:\/\/spectraldynamics.eu\/#website"},"datePublished":"2020-10-26T10:30:04+00:00","dateModified":"2021-04-27T11:31:33+00:00","breadcrumb":{"@id":"https:\/\/spectraldynamics.eu\/legals\/#breadcrumb"},"inLanguage":"fr-FR","potentialAction":[{"@type":"ReadAction","target":["https:\/\/spectraldynamics.eu\/legals\/"]}]},{"@type":"BreadcrumbList","@id":"https:\/\/spectraldynamics.eu\/legals\/#breadcrumb","itemListElement":[{"@type":"ListItem","position":1,"name":"Homepage","item":"https:\/\/spectraldynamics.eu\/"},{"@type":"ListItem","position":2,"name":"Legals"}]},{"@type":"WebSite","@id":"https:\/\/spectraldynamics.eu\/#website","url":"https:\/\/spectraldynamics.eu\/","name":"Spectral Dynamics","description":"","publisher":{"@id":"https:\/\/spectraldynamics.eu\/#organization"},"potentialAction":[{"@type":"SearchAction","target":{"@type":"EntryPoint","urlTemplate":"https:\/\/spectraldynamics.eu\/?s={search_term_string}"},"query-input":"required name=search_term_string"}],"inLanguage":"fr-FR"},{"@type":"Organization","@id":"https:\/\/spectraldynamics.eu\/#organization","name":"Spectral Dynamics","url":"https:\/\/spectraldynamics.eu\/","logo":{"@type":"ImageObject","inLanguage":"fr-FR","@id":"https:\/\/spectraldynamics.eu\/#\/schema\/logo\/image\/","url":"","contentUrl":"","caption":"Spectral Dynamics"},"image":{"@id":"https:\/\/spectraldynamics.eu\/#\/schema\/logo\/image\/"},"sameAs":["https:\/\/www.facebook.com\/Spectral-Dynamics-116990255000523\/","https:\/\/www.youtube.com\/channel\/UCEPFhx_26dmu19mxRRBhYWg"]}]}},"_links":{"self":[{"href":"https:\/\/spectraldynamics.eu\/fr\/wp-json\/wp\/v2\/pages\/37"}],"collection":[{"href":"https:\/\/spectraldynamics.eu\/fr\/wp-json\/wp\/v2\/pages"}],"about":[{"href":"https:\/\/spectraldynamics.eu\/fr\/wp-json\/wp\/v2\/types\/page"}],"author":[{"embeddable":true,"href":"https:\/\/spectraldynamics.eu\/fr\/wp-json\/wp\/v2\/users\/4"}],"replies":[{"embeddable":true,"href":"https:\/\/spectraldynamics.eu\/fr\/wp-json\/wp\/v2\/comments?post=37"}],"version-history":[{"count":4,"href":"https:\/\/spectraldynamics.eu\/fr\/wp-json\/wp\/v2\/pages\/37\/revisions"}],"predecessor-version":[{"id":663,"href":"https:\/\/spectraldynamics.eu\/fr\/wp-json\/wp\/v2\/pages\/37\/revisions\/663"}],"wp:attachment":[{"href":"https:\/\/spectraldynamics.eu\/fr\/wp-json\/wp\/v2\/media?parent=37"}],"curies":[{"name":"wp","href":"https:\/\/api.w.org\/{rel}","templated":true}]}}