{"id":368,"date":"2021-03-15T10:21:18","date_gmt":"2021-03-15T09:21:18","guid":{"rendered":"http:\/\/spectraldynamics.eu\/?page_id=368"},"modified":"2025-07-16T09:30:29","modified_gmt":"2025-07-16T07:30:29","slug":"contact-us","status":"publish","type":"page","link":"https:\/\/spectraldynamics.eu\/fr\/learn-about-our-company\/contact-us\/","title":{"rendered":"Nous contacter"},"content":{"rendered":"<span><span><a href=\"https:\/\/spectraldynamics.eu\/fr\/\">Page d&#039;accueil<\/a><\/span><\/span>\n<h1>\n\t\tNous contacter\n\t<\/h1>\n\tNotre \u00e9quipe en France est disponible si vous avez des questions ou des demandes de renseignements sur les solutions de tests de vibrations, de chocs et de chutes.<br>\nVeuillez contacter notre bureau ou remplir le formulaire ci-dessous. Nous vous contacterons dans les plus brefs d\u00e9lais.\n<h2>\n\t\tBureau\n\t<\/h2>\n\t8 rue L\u00e9on Beridot<br>\n38500 Voiron, France\n<p>T\u00e9l\u00e9phone: <a href=\"tel: 33458090404\">+33 4 58 09 04 04<\/a><\/p>\n<p>&nbsp;<\/p>\n\t\t\t<a href=\"https:\/\/www.google.com\/maps\/place\/Spectral+Dynamics\/@45.3523972,5.5708088,17z\/data=!3m1!4b1!4m5!3m4!1s0x478ae42ac5e2abd1:0xdd8ca46feb182ef7!8m2!3d45.3523972!4d5.5729975?shorturl=1\" target=\"_blank\" rel=\"noopener\">\n\t\t\t\t\t\tVoir sur Maps\n\t\t\t\t\t<\/a>\n\t\t\t\t<img decoding=\"async\" loading=\"lazy\" src=\"https:\/\/spectraldynamics.eu\/wp-content\/uploads\/2025\/06\/SD_France.png\" alt=\"SD_France maps\" itemprop=\"image\" height=\"1505\" width=\"2262\" title=\"SD_France\" onerror=\"this.style.display='none'\">\n<h2>\n\t\tNous contacter\n\t<\/h2>\n\t\n<div class=\"wpcf7 no-js\" id=\"wpcf7-f239-o1\" lang=\"en-GB\" dir=\"ltr\">\n<div class=\"screen-reader-response\"><p role=\"status\" aria-live=\"polite\" aria-atomic=\"true\"><\/p> <ul><\/ul><\/div>\n<form action=\"\/fr\/wp-json\/wp\/v2\/pages\/368#wpcf7-f239-o1\" method=\"post\" class=\"wpcf7-form init\" aria-label=\"Formulaire de contact\" novalidate=\"novalidate\" data-status=\"init\" data-trp-original-action=\"\/fr\/wp-json\/wp\/v2\/pages\/368#wpcf7-f239-o1\">\n<div style=\"display: none;\">\n<input type=\"hidden\" name=\"_wpcf7\" value=\"239\" \/>\n<input type=\"hidden\" name=\"_wpcf7_version\" value=\"5.8.1\" \/>\n<input type=\"hidden\" name=\"_wpcf7_locale\" value=\"en_GB\" \/>\n<input type=\"hidden\" name=\"_wpcf7_unit_tag\" value=\"wpcf7-f239-o1\" \/>\n<input type=\"hidden\" name=\"_wpcf7_container_post\" value=\"0\" \/>\n<input type=\"hidden\" name=\"_wpcf7_posted_data_hash\" value=\"\" \/>\n<input type=\"hidden\" name=\"_wpcf7_recaptcha_response\" value=\"\" \/>\n<\/div>\n<div class=\"request-row\">\n\t<div>\n\t\t<p><label> Nom<span>*<\/span><br \/>\n<span class=\"wpcf7-form-control-wrap\" data-name=\"your-name\"><input size=\"40\" class=\"wpcf7-form-control wpcf7-text wpcf7-validates-as-required\" aria-required=\"true\" aria-invalid=\"false\" value=\"\" type=\"text\" name=\"your-name\" \/><\/span> <\/label>\n\t\t<\/p>\n\t<\/div>\n\t<div>\n\t\t<p><label> Soci\u00e9t\u00e9<span>*<\/span><br \/>\n<span class=\"wpcf7-form-control-wrap\" data-name=\"your-company\"><input size=\"40\" class=\"wpcf7-form-control wpcf7-text wpcf7-validates-as-required\" aria-required=\"true\" aria-invalid=\"false\" value=\"\" type=\"text\" name=\"your-company\" \/><\/span> <\/label>\n\t\t<\/p>\n\t<\/div>\n<\/div>\n<div class=\"request-row\">\n\t<div>\n\t\t<p><label> Adresse e-mail<span>*<\/span><br \/>\n<span class=\"wpcf7-form-control-wrap\" data-name=\"your-email\"><input size=\"40\" class=\"wpcf7-form-control wpcf7-email wpcf7-validates-as-required wpcf7-text wpcf7-validates-as-email\" aria-required=\"true\" aria-invalid=\"false\" value=\"\" type=\"email\" name=\"your-email\" \/><\/span> <\/label>\n\t\t<\/p>\n\t<\/div>\n\t<div>\n\t\t<p><label> T\u00e9l\u00e9phone<span>*<\/span><br \/>\n<span class=\"wpcf7-form-control-wrap\" data-name=\"your-tel\"><input size=\"40\" class=\"wpcf7-form-control wpcf7-tel wpcf7-validates-as-required wpcf7-text wpcf7-validates-as-tel\" aria-required=\"true\" aria-invalid=\"false\" value=\"\" type=\"tel\" name=\"your-tel\" \/><\/span> <\/label>\n\t\t<\/p>\n\t<\/div>\n<\/div>\n<div class=\"request-row\">\n\t<div>\n\t\t<p><label> Pays<span>*<\/span><br \/>\n<span class=\"wpcf7-form-control-wrap\" data-name=\"countrytext-735\"><input size=\"40\" class=\"wpcf7-form-control wpcf7-countrytext wpcf7-validates-as-required wpcf7-text wpcf7-validates-as-countrytext\" aria-required=\"true\" aria-invalid=\"false\" value=\"France\" type=\"text\" name=\"countrytext-735\" \/><\/span> <\/label>\n\t\t<\/p>\n\t<\/div>\n\t<div>\n\t\t<p><label>Adresse<br \/>\n<span class=\"wpcf7-form-control-wrap\" data-name=\"text-address\"><input size=\"40\" class=\"wpcf7-form-control wpcf7-text\" aria-invalid=\"false\" value=\"\" type=\"text\" name=\"text-address\" \/><\/span><\/label>\n\t\t<\/p>\n\t<\/div>\n<\/div>\n<div class=\"request-row\">\n\t<div>\n\t\t<p><label>Ville<br \/>\n<span class=\"wpcf7-form-control-wrap\" data-name=\"text-city\"><input size=\"40\" class=\"wpcf7-form-control wpcf7-text\" aria-invalid=\"false\" value=\"\" type=\"text\" name=\"text-city\" \/><\/span><\/label>\n\t\t<\/p>\n\t<\/div>\n\t<div>\n\t\t<p><label>Code postal<br \/>\n<span class=\"wpcf7-form-control-wrap\" data-name=\"text-zip\"><input size=\"40\" class=\"wpcf7-form-control wpcf7-tel wpcf7-text wpcf7-validates-as-tel\" aria-invalid=\"false\" value=\"\" type=\"tel\" name=\"text-zip\" \/><\/span><\/label>\n\t\t<\/p>\n\t<\/div>\n<\/div>\n<p><label class=\"message\"> Commentaire\/Question<br \/>\n<span class=\"wpcf7-form-control-wrap\" data-name=\"your-message\"><textarea cols=\"40\" rows=\"10\" class=\"wpcf7-form-control wpcf7-textarea\" aria-invalid=\"false\" name=\"your-message\"><\/textarea><\/span> <\/label>\n<\/p>\n<p><input class=\"wpcf7-form-control wpcf7-submit has-spinner\" type=\"submit\" value=\"Envoyer la demande\" \/>\n<\/p><div class=\"wpcf7-response-output\" aria-hidden=\"true\"><\/div>\n<input type=\"hidden\" name=\"trp-form-language\" value=\"fr\"\/><\/form>\n<\/div>","protected":false},"excerpt":{"rendered":"<p>Contactez-nous. Notre \u00e9quipe en France est \u00e0 votre disposition pour toute question concernant nos solutions de tests de vibrations, de chocs et de chutes. Contactez-nous ou remplissez le formulaire ci-dessous. Nous vous r\u00e9pondrons dans les plus brefs d\u00e9lais. Bureau\u00a0: 8 rue L\u00e9on B\u00e9ridot, 38500 Voiron, France. T\u00e9l\u00e9phone\u00a0: +33 4 58 09 [\u2026]<\/p>","protected":false},"author":4,"featured_media":0,"parent":14,"menu_order":0,"comment_status":"closed","ping_status":"closed","template":"","meta":[],"acf":[],"yoast_head":"<!-- This site is optimized with the Yoast SEO plugin v21.3 - https:\/\/yoast.com\/wordpress\/plugins\/seo\/ -->\n<title>Contact us | Spectral Dynamics France<\/title>\n<meta name=\"description\" content=\"Contact our team. Our office are available for any questions\/enquiries on vibration, shock, drop and packaging testing solutions.\" \/>\n<meta name=\"robots\" content=\"index, follow, max-snippet:-1, max-image-preview:large, max-video-preview:-1\" \/>\n<link rel=\"canonical\" href=\"https:\/\/spectraldynamics.eu\/fr\/learn-about-our-company\/contact-us\/\" \/>\n<meta property=\"og:locale\" content=\"fr_FR\" \/>\n<meta property=\"og:type\" content=\"article\" \/>\n<meta property=\"og:title\" content=\"Contact us | Spectral Dynamics France\" \/>\n<meta property=\"og:description\" content=\"Contact our team. Our office are available for any questions\/enquiries on vibration, shock, drop and packaging testing solutions.\" \/>\n<meta property=\"og:url\" content=\"https:\/\/spectraldynamics.eu\/fr\/learn-about-our-company\/contact-us\/\" \/>\n<meta property=\"og:site_name\" content=\"Spectral Dynamics\" \/>\n<meta property=\"article:publisher\" content=\"https:\/\/www.facebook.com\/Spectral-Dynamics-116990255000523\/\" \/>\n<meta property=\"article:modified_time\" content=\"2025-07-16T07:30:29+00:00\" \/>\n<meta property=\"og:image\" content=\"https:\/\/spectraldynamics.eu\/wp-content\/uploads\/2025\/06\/SD_France.png\" \/>\n<meta name=\"twitter:card\" content=\"summary_large_image\" \/>\n<meta name=\"twitter:label1\" content=\"Dur\u00e9e de lecture estim\u00e9e\" \/>\n\t<meta name=\"twitter:data1\" content=\"1 minute\" \/>\n<script type=\"application\/ld+json\" class=\"yoast-schema-graph\">{\"@context\":\"https:\/\/schema.org\",\"@graph\":[{\"@type\":\"WebPage\",\"@id\":\"https:\/\/spectraldynamics.eu\/learn-about-our-company\/contact-us\/\",\"url\":\"https:\/\/spectraldynamics.eu\/learn-about-our-company\/contact-us\/\",\"name\":\"Contact us | Spectral Dynamics France\",\"isPartOf\":{\"@id\":\"https:\/\/spectraldynamics.eu\/#website\"},\"datePublished\":\"2021-03-15T09:21:18+00:00\",\"dateModified\":\"2025-07-16T07:30:29+00:00\",\"description\":\"Contact our team. Our office are available for any questions\/enquiries on vibration, shock, drop and packaging testing solutions.\",\"breadcrumb\":{\"@id\":\"https:\/\/spectraldynamics.eu\/learn-about-our-company\/contact-us\/#breadcrumb\"},\"inLanguage\":\"fr-FR\",\"potentialAction\":[{\"@type\":\"ReadAction\",\"target\":[\"https:\/\/spectraldynamics.eu\/learn-about-our-company\/contact-us\/\"]}]},{\"@type\":\"BreadcrumbList\",\"@id\":\"https:\/\/spectraldynamics.eu\/learn-about-our-company\/contact-us\/#breadcrumb\",\"itemListElement\":[{\"@type\":\"ListItem\",\"position\":1,\"name\":\"Homepage\",\"item\":\"https:\/\/spectraldynamics.eu\/\"},{\"@type\":\"ListItem\",\"position\":2,\"name\":\"Learn about our company\",\"item\":\"https:\/\/spectraldynamics.eu\/learn-about-our-company\/\"},{\"@type\":\"ListItem\",\"position\":3,\"name\":\"Contact us\"}]},{\"@type\":\"WebSite\",\"@id\":\"https:\/\/spectraldynamics.eu\/#website\",\"url\":\"https:\/\/spectraldynamics.eu\/\",\"name\":\"Spectral Dynamics\",\"description\":\"\",\"publisher\":{\"@id\":\"https:\/\/spectraldynamics.eu\/#organization\"},\"potentialAction\":[{\"@type\":\"SearchAction\",\"target\":{\"@type\":\"EntryPoint\",\"urlTemplate\":\"https:\/\/spectraldynamics.eu\/?s={search_term_string}\"},\"query-input\":\"required name=search_term_string\"}],\"inLanguage\":\"fr-FR\"},{\"@type\":\"Organization\",\"@id\":\"https:\/\/spectraldynamics.eu\/#organization\",\"name\":\"Spectral Dynamics\",\"url\":\"https:\/\/spectraldynamics.eu\/\",\"logo\":{\"@type\":\"ImageObject\",\"inLanguage\":\"fr-FR\",\"@id\":\"https:\/\/spectraldynamics.eu\/#\/schema\/logo\/image\/\",\"url\":\"\",\"contentUrl\":\"\",\"caption\":\"Spectral Dynamics\"},\"image\":{\"@id\":\"https:\/\/spectraldynamics.eu\/#\/schema\/logo\/image\/\"},\"sameAs\":[\"https:\/\/www.facebook.com\/Spectral-Dynamics-116990255000523\/\",\"https:\/\/www.youtube.com\/channel\/UCEPFhx_26dmu19mxRRBhYWg\"]}]}<\/script>\n<!-- \/ Yoast SEO plugin. -->","yoast_head_json":{"title":"Contact us | Spectral Dynamics France","description":"Contact our team. Our office are available for any questions\/enquiries on vibration, shock, drop and packaging testing solutions.","robots":{"index":"index","follow":"follow","max-snippet":"max-snippet:-1","max-image-preview":"max-image-preview:large","max-video-preview":"max-video-preview:-1"},"canonical":"https:\/\/spectraldynamics.eu\/fr\/learn-about-our-company\/contact-us\/","og_locale":"fr_FR","og_type":"article","og_title":"Contact us | Spectral Dynamics France","og_description":"Contact our team. Our office are available for any questions\/enquiries on vibration, shock, drop and packaging testing solutions.","og_url":"https:\/\/spectraldynamics.eu\/fr\/learn-about-our-company\/contact-us\/","og_site_name":"Spectral Dynamics","article_publisher":"https:\/\/www.facebook.com\/Spectral-Dynamics-116990255000523\/","article_modified_time":"2025-07-16T07:30:29+00:00","og_image":[{"url":"https:\/\/spectraldynamics.eu\/wp-content\/uploads\/2025\/06\/SD_France.png"}],"twitter_card":"summary_large_image","twitter_misc":{"Dur\u00e9e de lecture estim\u00e9e":"1 minute"},"schema":{"@context":"https:\/\/schema.org","@graph":[{"@type":"WebPage","@id":"https:\/\/spectraldynamics.eu\/learn-about-our-company\/contact-us\/","url":"https:\/\/spectraldynamics.eu\/learn-about-our-company\/contact-us\/","name":"Contact us | Spectral Dynamics France","isPartOf":{"@id":"https:\/\/spectraldynamics.eu\/#website"},"datePublished":"2021-03-15T09:21:18+00:00","dateModified":"2025-07-16T07:30:29+00:00","description":"Contact our team. Our office are available for any questions\/enquiries on vibration, shock, drop and packaging testing solutions.","breadcrumb":{"@id":"https:\/\/spectraldynamics.eu\/learn-about-our-company\/contact-us\/#breadcrumb"},"inLanguage":"fr-FR","potentialAction":[{"@type":"ReadAction","target":["https:\/\/spectraldynamics.eu\/learn-about-our-company\/contact-us\/"]}]},{"@type":"BreadcrumbList","@id":"https:\/\/spectraldynamics.eu\/learn-about-our-company\/contact-us\/#breadcrumb","itemListElement":[{"@type":"ListItem","position":1,"name":"Homepage","item":"https:\/\/spectraldynamics.eu\/"},{"@type":"ListItem","position":2,"name":"Learn about our company","item":"https:\/\/spectraldynamics.eu\/learn-about-our-company\/"},{"@type":"ListItem","position":3,"name":"Contact us"}]},{"@type":"WebSite","@id":"https:\/\/spectraldynamics.eu\/#website","url":"https:\/\/spectraldynamics.eu\/","name":"Spectral Dynamics","description":"","publisher":{"@id":"https:\/\/spectraldynamics.eu\/#organization"},"potentialAction":[{"@type":"SearchAction","target":{"@type":"EntryPoint","urlTemplate":"https:\/\/spectraldynamics.eu\/?s={search_term_string}"},"query-input":"required name=search_term_string"}],"inLanguage":"fr-FR"},{"@type":"Organization","@id":"https:\/\/spectraldynamics.eu\/#organization","name":"Spectral Dynamics","url":"https:\/\/spectraldynamics.eu\/","logo":{"@type":"ImageObject","inLanguage":"fr-FR","@id":"https:\/\/spectraldynamics.eu\/#\/schema\/logo\/image\/","url":"","contentUrl":"","caption":"Spectral Dynamics"},"image":{"@id":"https:\/\/spectraldynamics.eu\/#\/schema\/logo\/image\/"},"sameAs":["https:\/\/www.facebook.com\/Spectral-Dynamics-116990255000523\/","https:\/\/www.youtube.com\/channel\/UCEPFhx_26dmu19mxRRBhYWg"]}]}},"_links":{"self":[{"href":"https:\/\/spectraldynamics.eu\/fr\/wp-json\/wp\/v2\/pages\/368"}],"collection":[{"href":"https:\/\/spectraldynamics.eu\/fr\/wp-json\/wp\/v2\/pages"}],"about":[{"href":"https:\/\/spectraldynamics.eu\/fr\/wp-json\/wp\/v2\/types\/page"}],"author":[{"embeddable":true,"href":"https:\/\/spectraldynamics.eu\/fr\/wp-json\/wp\/v2\/users\/4"}],"replies":[{"embeddable":true,"href":"https:\/\/spectraldynamics.eu\/fr\/wp-json\/wp\/v2\/comments?post=368"}],"version-history":[{"count":31,"href":"https:\/\/spectraldynamics.eu\/fr\/wp-json\/wp\/v2\/pages\/368\/revisions"}],"predecessor-version":[{"id":1887,"href":"https:\/\/spectraldynamics.eu\/fr\/wp-json\/wp\/v2\/pages\/368\/revisions\/1887"}],"up":[{"embeddable":true,"href":"https:\/\/spectraldynamics.eu\/fr\/wp-json\/wp\/v2\/pages\/14"}],"wp:attachment":[{"href":"https:\/\/spectraldynamics.eu\/fr\/wp-json\/wp\/v2\/media?parent=368"}],"curies":[{"name":"wp","href":"https:\/\/api.w.org\/{rel}","templated":true}]}}