{"id":20,"date":"2020-10-22T17:18:35","date_gmt":"2020-10-22T15:18:35","guid":{"rendered":"http:\/\/spectraldynamics.eu\/?page_id=20"},"modified":"2025-08-26T09:25:19","modified_gmt":"2025-08-26T07:25:19","slug":"spectral-dynamics-vibration-home-page","status":"publish","type":"page","link":"https:\/\/spectraldynamics.eu\/fr\/","title":{"rendered":"Page d&#039;accueil"},"content":{"rendered":"<img width=\"1120\" height=\"448\" src=\"https:\/\/spectraldynamics.eu\/wp-content\/uploads\/2021\/06\/Main_slider_solution_top-min_72.png\" alt=\"\" decoding=\"async\" loading=\"lazy\" srcset=\"https:\/\/spectraldynamics.eu\/wp-content\/uploads\/2021\/06\/Main_slider_solution_top-min_72.png 1120w, https:\/\/spectraldynamics.eu\/wp-content\/uploads\/2021\/06\/Main_slider_solution_top-min_72-320x128.png 320w, https:\/\/spectraldynamics.eu\/wp-content\/uploads\/2021\/06\/Main_slider_solution_top-min_72-1024x410.png 1024w, https:\/\/spectraldynamics.eu\/wp-content\/uploads\/2021\/06\/Main_slider_solution_top-min_72-768x307.png 768w\" sizes=\"(max-width: 1120px) 100vw, 1120px\" \/><p>Solutions<h2>Essais de vibrations<\/h2>Reconnu depuis des d\u00e9cennies, Spectral Dynamics d\u00e9veloppe et fournit des solutions de test en vibrations, notamment des contr\u00f4leurs de vibrations et des vibrateurs.   <img width=\"1120\" height=\"448\" src=\"https:\/\/spectraldynamics.eu\/wp-content\/uploads\/2021\/06\/Main_slider_services_top-min_72.png\" alt=\"Services\" decoding=\"async\" loading=\"lazy\" srcset=\"https:\/\/spectraldynamics.eu\/wp-content\/uploads\/2021\/06\/Main_slider_services_top-min_72.png 1120w, https:\/\/spectraldynamics.eu\/wp-content\/uploads\/2021\/06\/Main_slider_services_top-min_72-320x128.png 320w, https:\/\/spectraldynamics.eu\/wp-content\/uploads\/2021\/06\/Main_slider_services_top-min_72-1024x410.png 1024w, https:\/\/spectraldynamics.eu\/wp-content\/uploads\/2021\/06\/Main_slider_services_top-min_72-768x307.png 768w\" sizes=\"(max-width: 1120px) 100vw, 1120px\" \/>Services<h2>Support technique<\/h2>Nos \u00e9quipes proposent une large gamme de services pour vous accompagner : Maintenance \/ Formation \/ Calibration. <img width=\"917\" height=\"787\" src=\"https:\/\/spectraldynamics.eu\/wp-content\/uploads\/2021\/03\/Main_slider_update_top_PIND-min.png\" alt=\"PIND Felix\" decoding=\"async\" loading=\"lazy\" srcset=\"https:\/\/spectraldynamics.eu\/wp-content\/uploads\/2021\/03\/Main_slider_update_top_PIND-min.png 917w, https:\/\/spectraldynamics.eu\/wp-content\/uploads\/2021\/03\/Main_slider_update_top_PIND-min-320x275.png 320w, https:\/\/spectraldynamics.eu\/wp-content\/uploads\/2021\/03\/Main_slider_update_top_PIND-min-768x659.png 768w\" sizes=\"(max-width: 917px) 100vw, 917px\" \/>News<h2>PIND<\/h2>Spectral Dynamics est fier de vous pr\u00e9senter le syst\u00e8me PIND Felix\u2122.<\/p>\n\t\t\t<a href=\"https:\/\/spectraldynamics.eu\/fr\/learn-about-our-company\/spectral-dynamics-about-us\/\" target=\"_self\" rel=\"noopener\">\n\t\t\t\t\t\tSpectral Dynamics \n\t\t\t\t\t<\/a>\n\t\t\t<a href=\"https:\/\/spectraldynamics.eu\/fr\/learn-about-our-company\/partners\/\" target=\"_self\" rel=\"noopener\">\n\t\t\t\t\t\tNos partenaires\n\t\t\t\t\t<\/a>\n\t\t\t<a href=\"https:\/\/spectraldynamics.eu\/fr\/learn-about-our-company\/contact-us\/\" target=\"_self\" rel=\"noopener\">\n\t\t\t\t\t\tRestons en contact\n\t\t\t\t\t<\/a>\n<h2>\n\t\tNos solutions pour les tests de vibrations, de chocs, de chutes et d&#039;emballages\n\t<\/h2>\n<h3>\n\t\tAu service de vos essais\n\t<\/h3>\n\t<p>Spectral Dynamics France regroupe sous un m\u00eame toit l&#039;une des plus vastes expertises techniques en mati\u00e8re d&#039;essais vibratoires. Nous savons que nos clients comptent sur notre solution pour collecter des donn\u00e9es critiques pour le d\u00e9veloppement de leurs produits et leurs essais de s\u00e9curit\u00e9.<\/p>\n    <img width=\"600\" height=\"599\" src=\"https:\/\/spectraldynamics.eu\/wp-content\/uploads\/2025\/06\/LAB_TIRA_SD_VIB_SYS.png\" alt=\"Vibration test Systems and controllers\" decoding=\"async\" loading=\"lazy\" srcset=\"https:\/\/spectraldynamics.eu\/wp-content\/uploads\/2025\/06\/LAB_TIRA_SD_VIB_SYS.png 600w, https:\/\/spectraldynamics.eu\/wp-content\/uploads\/2025\/06\/LAB_TIRA_SD_VIB_SYS-301x300.png 301w, https:\/\/spectraldynamics.eu\/wp-content\/uploads\/2025\/06\/LAB_TIRA_SD_VIB_SYS-150x150.png 150w, https:\/\/spectraldynamics.eu\/wp-content\/uploads\/2025\/06\/LAB_TIRA_SD_VIB_SYS-12x12.png 12w\" sizes=\"(max-width: 600px) 100vw, 600px\" \/><h2>Bancs d'essais en vibrations<\/h2><p>Contr\u00f4leurs, agitateurs \u00e9lectrodynamiques et syst\u00e8mes hydrauliques, testeur de vibrations m\u00e9caniques et bien plus encore.<a href=\"https:\/\/spectraldynamics.eu\/fr\/see-our-solutions\/vibration-test-systems\/\">Voir tous les produits<\/a><img width=\"600\" height=\"599\" src=\"https:\/\/spectraldynamics.eu\/wp-content\/uploads\/2025\/06\/Shock_Machine_web-2.png\" alt=\"Shock Test Systems\" decoding=\"async\" loading=\"lazy\" srcset=\"https:\/\/spectraldynamics.eu\/wp-content\/uploads\/2025\/06\/Shock_Machine_web-2.png 600w, https:\/\/spectraldynamics.eu\/wp-content\/uploads\/2025\/06\/Shock_Machine_web-2-301x300.png 301w, https:\/\/spectraldynamics.eu\/wp-content\/uploads\/2025\/06\/Shock_Machine_web-2-150x150.png 150w, https:\/\/spectraldynamics.eu\/wp-content\/uploads\/2025\/06\/Shock_Machine_web-2-12x12.png 12w\" sizes=\"(max-width: 600px) 100vw, 600px\" \/><h2>Syst\u00e8mes d'essais de chocs <\/h2>Chocs m\u00e9caniques, aidant \u00e0 tester la durabilit\u00e9 du produit, trouvez l&#039;\u00e9quipement selon vos besoins.<a href=\"https:\/\/spectraldynamics.eu\/fr\/see-our-solutions\/shock-test-systems\/\">Voir tous les produits<\/a><img width=\"600\" height=\"600\" src=\"https:\/\/spectraldynamics.eu\/wp-content\/uploads\/2025\/06\/Test-packaging-systems_web-1.png\" alt=\"Packaging Test Systems\" decoding=\"async\" loading=\"lazy\" srcset=\"https:\/\/spectraldynamics.eu\/wp-content\/uploads\/2025\/06\/Test-packaging-systems_web-1.png 600w, https:\/\/spectraldynamics.eu\/wp-content\/uploads\/2025\/06\/Test-packaging-systems_web-1-300x300.png 300w, https:\/\/spectraldynamics.eu\/wp-content\/uploads\/2025\/06\/Test-packaging-systems_web-1-150x150.png 150w, https:\/\/spectraldynamics.eu\/wp-content\/uploads\/2025\/06\/Test-packaging-systems_web-1-12x12.png 12w\" sizes=\"(max-width: 600px) 100vw, 600px\" \/><h2>Syst\u00e8mes de test d&#039;emballage<\/h2>Des vibrations et des chocs aux chutes et \u00e0 la compression, \u00e9valuez la durabilit\u00e9, l\u2019int\u00e9grit\u00e9 et les performances de l\u2019emballage. <a href=\"https:\/\/spectraldynamics.eu\/fr\/see-our-solutions\/packaging-test-systems\/\">Voir tous les produits<\/a><img width=\"600\" height=\"599\" src=\"https:\/\/spectraldynamics.eu\/wp-content\/uploads\/2021\/03\/PIND_felix_logoSD_web.png\" alt=\"PIND - Particule Impact Noise Detection\" decoding=\"async\" loading=\"lazy\" srcset=\"https:\/\/spectraldynamics.eu\/wp-content\/uploads\/2021\/03\/PIND_felix_logoSD_web.png 600w, https:\/\/spectraldynamics.eu\/wp-content\/uploads\/2021\/03\/PIND_felix_logoSD_web-301x300.png 301w, https:\/\/spectraldynamics.eu\/wp-content\/uploads\/2021\/03\/PIND_felix_logoSD_web-150x150.png 150w\" sizes=\"(max-width: 600px) 100vw, 600px\" \/><h2>Test PIND<\/h2>D\u00e9tection de bruit d&#039;impact de particules pour les tests de fiabilit\u00e9 des composants \u00e9lectroniques.<a href=\"https:\/\/spectraldynamics.eu\/fr\/products\/pind-particule-impact-noise-detection\/\">Voir le produit<\/a><img width=\"600\" height=\"600\" src=\"https:\/\/spectraldynamics.eu\/wp-content\/uploads\/2021\/03\/meas-haut-min-1.jpg\" alt=\"Dynamic measurements\" decoding=\"async\" loading=\"lazy\" srcset=\"https:\/\/spectraldynamics.eu\/wp-content\/uploads\/2021\/03\/meas-haut-min-1.jpg 600w, https:\/\/spectraldynamics.eu\/wp-content\/uploads\/2021\/03\/meas-haut-min-1-300x300.jpg 300w, https:\/\/spectraldynamics.eu\/wp-content\/uploads\/2021\/03\/meas-haut-min-1-150x150.jpg 150w\" sizes=\"(max-width: 600px) 100vw, 600px\" \/><h2>Mesures dynamiques et analyse<\/h2>Capteurs, Analyse modale, Acquisition de donn\u00e9es et bien plus encore.<a href=\"http:\/\/spectraldynamics.eu\/fr\/see-our-solutions\/dynamic-measurement-and-analysis\/\">Voir tous les produits<\/a><\/p><h2>\n\t\tExperts en syst\u00e8mes de tests dynamiques, nous livrons des solutions compl\u00e8tes de l&#039;installation \u00e0 la maintenance depuis 1995.\n\t<\/h2>\n\t<h3>Nous accordons de l'importance aux relations long terme et d\u00e9veloppons une \u00e9troite coop\u00e9ration avec nos clients afin d'am\u00e9liorer continuellement nos produits et nos services.<\/h3>\n<h2>\n\t\tD\u00e9couvrez les derni\u00e8res actualit\u00e9s de Spectral Dynamics France\n\t<\/h2>\n<h2>\n\t\tCes entreprises font confiance \u00e0 Spectral Dynamics France\n\t<\/h2>\n    <a href=\"https:\/\/ovh.com\" target=\"_blank\" rel=\"noopener\"><img width=\"200\" height=\"49\" src=\"https:\/\/spectraldynamics.eu\/wp-content\/uploads\/2021\/03\/Hensoldt_DE.jpg\" alt=\"Hensoldt\" decoding=\"async\" loading=\"lazy\" \/><\/a><a href=\"https:\/\/ovh.com\" target=\"_blank\" rel=\"noopener\"><img width=\"200\" height=\"100\" src=\"https:\/\/spectraldynamics.eu\/wp-content\/uploads\/2021\/03\/HUTCHISON_dem_FR.jpg\" alt=\"HUTCHISON\" decoding=\"async\" loading=\"lazy\" \/><\/a><img width=\"200\" height=\"43\" src=\"https:\/\/spectraldynamics.eu\/wp-content\/uploads\/2021\/03\/INSA_accFR.jpg\" alt=\"INSA\" decoding=\"async\" loading=\"lazy\" \/><img width=\"200\" height=\"68\" src=\"https:\/\/spectraldynamics.eu\/wp-content\/uploads\/2021\/03\/Intertek_DE.jpg\" alt=\"Intertek\" decoding=\"async\" loading=\"lazy\" \/><img width=\"200\" height=\"57\" src=\"https:\/\/spectraldynamics.eu\/wp-content\/uploads\/2021\/03\/Ixblue_dem_FR.jpg\" alt=\"Ixblue\" decoding=\"async\" loading=\"lazy\" \/><img width=\"200\" height=\"133\" src=\"https:\/\/spectraldynamics.eu\/wp-content\/uploads\/2021\/03\/John_Deere_dem_FR.jpg\" alt=\"John_Deere\" decoding=\"async\" loading=\"lazy\" \/><img width=\"200\" height=\"89\" src=\"https:\/\/spectraldynamics.eu\/wp-content\/uploads\/2021\/03\/KMW_DE.jpg\" alt=\"KMW\" decoding=\"async\" loading=\"lazy\" \/><img width=\"200\" height=\"156\" src=\"https:\/\/spectraldynamics.eu\/wp-content\/uploads\/2021\/03\/LYNRED_demFR.jpg\" alt=\"LYNRED\" decoding=\"async\" loading=\"lazy\" \/><img width=\"200\" height=\"96\" src=\"https:\/\/spectraldynamics.eu\/wp-content\/uploads\/2021\/03\/MATRA_demFR.jpg\" alt=\"MATRA\" decoding=\"async\" loading=\"lazy\" \/><img width=\"200\" height=\"150\" src=\"https:\/\/spectraldynamics.eu\/wp-content\/uploads\/2021\/03\/Mbda_demFR.jpg\" alt=\"Mbda\" decoding=\"async\" loading=\"lazy\" \/><img width=\"200\" height=\"59\" src=\"https:\/\/spectraldynamics.eu\/wp-content\/uploads\/2021\/03\/Junghans_accFR.jpg\" alt=\"Junghans\" decoding=\"async\" loading=\"lazy\" \/><img width=\"200\" height=\"107\" src=\"https:\/\/spectraldynamics.eu\/wp-content\/uploads\/2021\/03\/PMZ_DE.jpg\" alt=\"PMZ\" decoding=\"async\" loading=\"lazy\" \/><img width=\"200\" height=\"64\" src=\"https:\/\/spectraldynamics.eu\/wp-content\/uploads\/2021\/03\/RENAULT_demFR.jpg\" alt=\"RENAULT\" decoding=\"async\" loading=\"lazy\" \/><img width=\"200\" height=\"43\" src=\"https:\/\/spectraldynamics.eu\/wp-content\/uploads\/2021\/03\/Safran_demFR.jpg\" alt=\"Safran\" decoding=\"async\" loading=\"lazy\" \/><img width=\"200\" height=\"83\" src=\"https:\/\/spectraldynamics.eu\/wp-content\/uploads\/2021\/03\/SAINT_GOBAIN_accFR.jpg\" alt=\"SAINT_GOBAIN\" decoding=\"async\" loading=\"lazy\" \/><img width=\"200\" height=\"66\" src=\"https:\/\/spectraldynamics.eu\/wp-content\/uploads\/2021\/03\/Serma-technologies_accFR.jpg\" alt=\"Serma-technologies\" decoding=\"async\" loading=\"lazy\" \/><img width=\"200\" height=\"32\" src=\"https:\/\/spectraldynamics.eu\/wp-content\/uploads\/2021\/03\/Tedelyne_E2V_demFR.jpg\" alt=\"Tedelyne_E2V\" decoding=\"async\" loading=\"lazy\" \/><img width=\"200\" height=\"46\" src=\"https:\/\/spectraldynamics.eu\/wp-content\/uploads\/2021\/03\/TESAT_DE.jpg\" alt=\"TESAT\" decoding=\"async\" loading=\"lazy\" \/><img width=\"200\" height=\"100\" src=\"https:\/\/spectraldynamics.eu\/wp-content\/uploads\/2021\/03\/thales_demFR.jpg\" alt=\"thales\" decoding=\"async\" loading=\"lazy\" \/><img width=\"200\" height=\"202\" src=\"https:\/\/spectraldynamics.eu\/wp-content\/uploads\/2021\/03\/Zeiss_DE.jpg\" alt=\"Zeiss\" decoding=\"async\" loading=\"lazy\" \/><img width=\"200\" height=\"81\" src=\"https:\/\/spectraldynamics.eu\/wp-content\/uploads\/2021\/03\/ABB-Logo_DE.jpg\" alt=\"ABB\" decoding=\"async\" loading=\"lazy\" \/><img width=\"200\" height=\"48\" src=\"https:\/\/spectraldynamics.eu\/wp-content\/uploads\/2021\/03\/ACTENIUM_accFR.jpg\" alt=\"ACTENIUM\" decoding=\"async\" loading=\"lazy\" \/><img width=\"200\" height=\"56\" src=\"https:\/\/spectraldynamics.eu\/wp-content\/uploads\/2021\/03\/Airbus_Defence_Space_accFR.jpg\" alt=\"Airbus_Defence_Space\" decoding=\"async\" loading=\"lazy\" \/><img width=\"200\" height=\"113\" src=\"https:\/\/spectraldynamics.eu\/wp-content\/uploads\/2021\/03\/Alstom_acc_FR.jpg\" alt=\"Alstom\" decoding=\"async\" loading=\"lazy\" \/><img width=\"200\" height=\"88\" src=\"https:\/\/spectraldynamics.eu\/wp-content\/uploads\/2021\/03\/APM_technica_DE.jpg\" alt=\"APM_technica\" decoding=\"async\" loading=\"lazy\" \/><img width=\"200\" height=\"69\" src=\"https:\/\/spectraldynamics.eu\/wp-content\/uploads\/2021\/03\/Arelis_accFR.jpg\" alt=\"Arelis\" decoding=\"async\" loading=\"lazy\" \/><img width=\"200\" height=\"168\" src=\"https:\/\/spectraldynamics.eu\/wp-content\/uploads\/2021\/03\/Bosch_DE.jpg\" alt=\"Bosch\" decoding=\"async\" loading=\"lazy\" \/><img width=\"200\" height=\"163\" src=\"https:\/\/spectraldynamics.eu\/wp-content\/uploads\/2021\/03\/CEA_demFR.jpg\" alt=\"CEA\" decoding=\"async\" loading=\"lazy\" \/><img width=\"200\" height=\"97\" src=\"https:\/\/spectraldynamics.eu\/wp-content\/uploads\/2021\/03\/Continental_dem_FR.jpg\" alt=\"Continental\" decoding=\"async\" loading=\"lazy\" \/><img width=\"200\" height=\"147\" src=\"https:\/\/spectraldynamics.eu\/wp-content\/uploads\/2021\/03\/DMAe_accFR.jpg\" alt=\"DMAe\" decoding=\"async\" loading=\"lazy\" \/><img width=\"200\" height=\"133\" src=\"https:\/\/spectraldynamics.eu\/wp-content\/uploads\/2021\/03\/EDAG_DE.jpg\" alt=\"EDAG_DE\" decoding=\"async\" loading=\"lazy\" \/><img width=\"200\" height=\"150\" src=\"https:\/\/spectraldynamics.eu\/wp-content\/uploads\/2021\/03\/Goodrich_DE.jpg\" alt=\"Goodrich_DE\" decoding=\"async\" loading=\"lazy\" \/>\n\t<strong>Newsletter<\/strong><br \/>\n\n<div class=\"wpcf7 no-js\" id=\"wpcf7-f228-o1\" lang=\"en-GB\" dir=\"ltr\">\n<div class=\"screen-reader-response\"><p role=\"status\" aria-live=\"polite\" aria-atomic=\"true\"><\/p> <ul><\/ul><\/div>\n<form action=\"\/fr\/wp-json\/wp\/v2\/pages\/20#wpcf7-f228-o1\" method=\"post\" class=\"wpcf7-form init\" aria-label=\"Formulaire de contact\" novalidate=\"novalidate\" data-status=\"init\" data-trp-original-action=\"\/fr\/wp-json\/wp\/v2\/pages\/20#wpcf7-f228-o1\">\n<div style=\"display: none;\">\n<input type=\"hidden\" name=\"_wpcf7\" value=\"228\" \/>\n<input type=\"hidden\" name=\"_wpcf7_version\" value=\"5.8.1\" \/>\n<input type=\"hidden\" name=\"_wpcf7_locale\" value=\"en_GB\" \/>\n<input type=\"hidden\" name=\"_wpcf7_unit_tag\" value=\"wpcf7-f228-o1\" \/>\n<input type=\"hidden\" name=\"_wpcf7_container_post\" value=\"0\" \/>\n<input type=\"hidden\" name=\"_wpcf7_posted_data_hash\" value=\"\" \/>\n<input type=\"hidden\" name=\"_wpcf7_recaptcha_response\" value=\"\" \/>\n<\/div>\n<p><span class=\"wpcf7-form-control-wrap\" data-name=\"email-609\"><input size=\"40\" class=\"wpcf7-form-control wpcf7-email wpcf7-validates-as-required wpcf7-text wpcf7-validates-as-email\" aria-required=\"true\" aria-invalid=\"false\" placeholder=\"ADRESSE E-MAIL\" value=\"\" type=\"email\" name=\"email-609\" \/><\/span><input class=\"wpcf7-form-control wpcf7-submit has-spinner\" type=\"submit\" value=\"s&#039;abonner\" \/>\n<\/p>\n<p><span class=\"wpcf7-form-control-wrap\" data-name=\"acceptance-364\"><span class=\"wpcf7-form-control wpcf7-acceptance\"><span class=\"wpcf7-list-item\"><label><input type=\"checkbox\" name=\"acceptance-364\" value=\"1\" aria-invalid=\"false\" \/><span class=\"wpcf7-list-item-label\"><span style=\"font-size: 13px;\">En inscrivant votre e-mail, vous acceptez de recevoir des informations sur l'entreprise et les produits.<\/span><\/span><\/label><\/span><\/span><\/span>\n<\/p><div class=\"wpcf7-response-output\" aria-hidden=\"true\"><\/div>\n<input type=\"hidden\" name=\"trp-form-language\" value=\"fr\"\/><\/form>\n<\/div>\n\n\t<p><strong>Suivez-nous sur LinkedIn<\/strong><\/p>","protected":false},"excerpt":{"rendered":"<p>Solutions Essais vibratoires Reconnue depuis des d\u00e9cennies, Spectral Dynamics d\u00e9veloppe et fournit des solutions d&#039;essais vibratoires, notamment des contr\u00f4leurs et vibrateurs vibratoires. Services Support technique Nos \u00e9quipes vous proposent une large gamme de services pour vous accompagner, incluant la maintenance, la formation et l&#039;\u00e9talonnage. Actualit\u00e9s PIND Spectral Dynamics est fi\u00e8re de lancer le syst\u00e8me PIND Felix\u2122. Spectral Dynamics [\u2026]<\/p>","protected":false},"author":4,"featured_media":0,"parent":0,"menu_order":0,"comment_status":"closed","ping_status":"closed","template":"","meta":[],"acf":[],"yoast_head":"<!-- This site is optimized with the Yoast SEO plugin v21.3 - https:\/\/yoast.com\/wordpress\/plugins\/seo\/ -->\n<title>Solutions for vibration, shock and drop testing | Spectral Dynamics France<\/title>\n<meta name=\"description\" content=\"Recognized for decades, Spectral Dynamics France supplies vibration test solutions including vibration controllers and electrodynamic shakers.\" \/>\n<meta name=\"robots\" content=\"index, follow, max-snippet:-1, max-image-preview:large, max-video-preview:-1\" \/>\n<link rel=\"canonical\" href=\"https:\/\/spectraldynamics.eu\/fr\/\" \/>\n<meta property=\"og:locale\" content=\"fr_FR\" \/>\n<meta property=\"og:type\" content=\"article\" \/>\n<meta property=\"og:title\" content=\"Solutions for vibration, shock and drop testing | Spectral Dynamics France\" \/>\n<meta property=\"og:description\" content=\"Recognized for decades, Spectral Dynamics France supplies vibration test solutions including vibration controllers and electrodynamic shakers.\" \/>\n<meta property=\"og:url\" content=\"https:\/\/spectraldynamics.eu\/fr\/\" \/>\n<meta property=\"og:site_name\" content=\"Spectral Dynamics\" \/>\n<meta property=\"article:publisher\" content=\"https:\/\/www.facebook.com\/Spectral-Dynamics-116990255000523\/\" \/>\n<meta property=\"article:modified_time\" content=\"2025-08-26T07:25:19+00:00\" \/>\n<meta property=\"og:image\" content=\"https:\/\/spectraldynamics.eu\/wp-content\/uploads\/2021\/06\/Main_slider_solution_top-min_72.png\" \/>\n<meta name=\"twitter:card\" content=\"summary_large_image\" \/>\n<meta name=\"twitter:label1\" content=\"Dur\u00e9e de lecture estim\u00e9e\" \/>\n\t<meta name=\"twitter:data1\" content=\"10 minutes\" \/>\n<script type=\"application\/ld+json\" class=\"yoast-schema-graph\">{\"@context\":\"https:\/\/schema.org\",\"@graph\":[{\"@type\":\"WebPage\",\"@id\":\"https:\/\/spectraldynamics.eu\/\",\"url\":\"https:\/\/spectraldynamics.eu\/\",\"name\":\"Solutions for vibration, shock and drop testing | Spectral Dynamics France\",\"isPartOf\":{\"@id\":\"https:\/\/spectraldynamics.eu\/#website\"},\"datePublished\":\"2020-10-22T15:18:35+00:00\",\"dateModified\":\"2025-08-26T07:25:19+00:00\",\"description\":\"Recognized for decades, Spectral Dynamics France supplies vibration test solutions including vibration controllers and electrodynamic shakers.\",\"breadcrumb\":{\"@id\":\"https:\/\/spectraldynamics.eu\/#breadcrumb\"},\"inLanguage\":\"fr-FR\",\"potentialAction\":[{\"@type\":\"ReadAction\",\"target\":[\"https:\/\/spectraldynamics.eu\/\"]}]},{\"@type\":\"BreadcrumbList\",\"@id\":\"https:\/\/spectraldynamics.eu\/#breadcrumb\",\"itemListElement\":[{\"@type\":\"ListItem\",\"position\":1,\"name\":\"Homepage\",\"item\":\"https:\/\/spectraldynamics.eu\/\"},{\"@type\":\"ListItem\",\"position\":2,\"name\":\"Home page\"}]},{\"@type\":\"WebSite\",\"@id\":\"https:\/\/spectraldynamics.eu\/#website\",\"url\":\"https:\/\/spectraldynamics.eu\/\",\"name\":\"Spectral Dynamics\",\"description\":\"\",\"publisher\":{\"@id\":\"https:\/\/spectraldynamics.eu\/#organization\"},\"potentialAction\":[{\"@type\":\"SearchAction\",\"target\":{\"@type\":\"EntryPoint\",\"urlTemplate\":\"https:\/\/spectraldynamics.eu\/?s={search_term_string}\"},\"query-input\":\"required name=search_term_string\"}],\"inLanguage\":\"fr-FR\"},{\"@type\":\"Organization\",\"@id\":\"https:\/\/spectraldynamics.eu\/#organization\",\"name\":\"Spectral Dynamics\",\"url\":\"https:\/\/spectraldynamics.eu\/\",\"logo\":{\"@type\":\"ImageObject\",\"inLanguage\":\"fr-FR\",\"@id\":\"https:\/\/spectraldynamics.eu\/#\/schema\/logo\/image\/\",\"url\":\"\",\"contentUrl\":\"\",\"caption\":\"Spectral Dynamics\"},\"image\":{\"@id\":\"https:\/\/spectraldynamics.eu\/#\/schema\/logo\/image\/\"},\"sameAs\":[\"https:\/\/www.facebook.com\/Spectral-Dynamics-116990255000523\/\",\"https:\/\/www.youtube.com\/channel\/UCEPFhx_26dmu19mxRRBhYWg\"]}]}<\/script>\n<!-- \/ Yoast SEO plugin. -->","yoast_head_json":{"title":"Solutions for vibration, shock and drop testing | Spectral Dynamics France","description":"Recognized for decades, Spectral Dynamics France supplies vibration test solutions including vibration controllers and electrodynamic shakers.","robots":{"index":"index","follow":"follow","max-snippet":"max-snippet:-1","max-image-preview":"max-image-preview:large","max-video-preview":"max-video-preview:-1"},"canonical":"https:\/\/spectraldynamics.eu\/fr\/","og_locale":"fr_FR","og_type":"article","og_title":"Solutions for vibration, shock and drop testing | Spectral Dynamics France","og_description":"Recognized for decades, Spectral Dynamics France supplies vibration test solutions including vibration controllers and electrodynamic shakers.","og_url":"https:\/\/spectraldynamics.eu\/fr\/","og_site_name":"Spectral Dynamics","article_publisher":"https:\/\/www.facebook.com\/Spectral-Dynamics-116990255000523\/","article_modified_time":"2025-08-26T07:25:19+00:00","og_image":[{"url":"https:\/\/spectraldynamics.eu\/wp-content\/uploads\/2021\/06\/Main_slider_solution_top-min_72.png"}],"twitter_card":"summary_large_image","twitter_misc":{"Dur\u00e9e de lecture estim\u00e9e":"10 minutes"},"schema":{"@context":"https:\/\/schema.org","@graph":[{"@type":"WebPage","@id":"https:\/\/spectraldynamics.eu\/","url":"https:\/\/spectraldynamics.eu\/","name":"Solutions for vibration, shock and drop testing | Spectral Dynamics France","isPartOf":{"@id":"https:\/\/spectraldynamics.eu\/#website"},"datePublished":"2020-10-22T15:18:35+00:00","dateModified":"2025-08-26T07:25:19+00:00","description":"Recognized for decades, Spectral Dynamics France supplies vibration test solutions including vibration controllers and electrodynamic shakers.","breadcrumb":{"@id":"https:\/\/spectraldynamics.eu\/#breadcrumb"},"inLanguage":"fr-FR","potentialAction":[{"@type":"ReadAction","target":["https:\/\/spectraldynamics.eu\/"]}]},{"@type":"BreadcrumbList","@id":"https:\/\/spectraldynamics.eu\/#breadcrumb","itemListElement":[{"@type":"ListItem","position":1,"name":"Homepage","item":"https:\/\/spectraldynamics.eu\/"},{"@type":"ListItem","position":2,"name":"Home page"}]},{"@type":"WebSite","@id":"https:\/\/spectraldynamics.eu\/#website","url":"https:\/\/spectraldynamics.eu\/","name":"Spectral Dynamics","description":"","publisher":{"@id":"https:\/\/spectraldynamics.eu\/#organization"},"potentialAction":[{"@type":"SearchAction","target":{"@type":"EntryPoint","urlTemplate":"https:\/\/spectraldynamics.eu\/?s={search_term_string}"},"query-input":"required name=search_term_string"}],"inLanguage":"fr-FR"},{"@type":"Organization","@id":"https:\/\/spectraldynamics.eu\/#organization","name":"Spectral Dynamics","url":"https:\/\/spectraldynamics.eu\/","logo":{"@type":"ImageObject","inLanguage":"fr-FR","@id":"https:\/\/spectraldynamics.eu\/#\/schema\/logo\/image\/","url":"","contentUrl":"","caption":"Spectral Dynamics"},"image":{"@id":"https:\/\/spectraldynamics.eu\/#\/schema\/logo\/image\/"},"sameAs":["https:\/\/www.facebook.com\/Spectral-Dynamics-116990255000523\/","https:\/\/www.youtube.com\/channel\/UCEPFhx_26dmu19mxRRBhYWg"]}]}},"_links":{"self":[{"href":"https:\/\/spectraldynamics.eu\/fr\/wp-json\/wp\/v2\/pages\/20"}],"collection":[{"href":"https:\/\/spectraldynamics.eu\/fr\/wp-json\/wp\/v2\/pages"}],"about":[{"href":"https:\/\/spectraldynamics.eu\/fr\/wp-json\/wp\/v2\/types\/page"}],"author":[{"embeddable":true,"href":"https:\/\/spectraldynamics.eu\/fr\/wp-json\/wp\/v2\/users\/4"}],"replies":[{"embeddable":true,"href":"https:\/\/spectraldynamics.eu\/fr\/wp-json\/wp\/v2\/comments?post=20"}],"version-history":[{"count":114,"href":"https:\/\/spectraldynamics.eu\/fr\/wp-json\/wp\/v2\/pages\/20\/revisions"}],"predecessor-version":[{"id":1922,"href":"https:\/\/spectraldynamics.eu\/fr\/wp-json\/wp\/v2\/pages\/20\/revisions\/1922"}],"wp:attachment":[{"href":"https:\/\/spectraldynamics.eu\/fr\/wp-json\/wp\/v2\/media?parent=20"}],"curies":[{"name":"wp","href":"https:\/\/api.w.org\/{rel}","templated":true}]}}