{"id":12,"date":"2020-10-22T17:16:14","date_gmt":"2020-10-22T15:16:14","guid":{"rendered":"http:\/\/spectraldynamics.eu\/?page_id=12"},"modified":"2025-06-30T15:17:22","modified_gmt":"2025-06-30T13:17:22","slug":"see-our-solutions","status":"publish","type":"page","link":"https:\/\/spectraldynamics.eu\/fr\/see-our-solutions\/","title":{"rendered":"Nos solutions"},"content":{"rendered":"<span><span><a href=\"https:\/\/spectraldynamics.eu\/fr\/\">Page d&#039;accueil<\/a><\/span><\/span>\n<h1>\n\t\tNos solutions\n\t<\/h1>\n\t<p>Spectral Dynamics, Inc. est l&#039;un des principaux fournisseurs mondiaux de syst\u00e8mes et de logiciels pour les tests et l&#039;analyse des vibrations, des chocs et des chutes. D\u00e9couvrez nos solutions et contactez nos experts pour vous aider dans votre projet.<\/p>\n\t\t\t\t<a href=\"https:\/\/spectraldynamics.eu\/fr\/see-our-solutions\/vibration-test-systems\/\" target=\"_self\" itemprop=\"url\" rel=\"noopener\">\n\t\t\t\t<img decoding=\"async\" loading=\"lazy\" src=\"https:\/\/spectraldynamics.eu\/wp-content\/uploads\/2025\/06\/LAB_TIRA_SD_VIB_SYS.png\" alt=\"Vibration test Systems and controllers\" itemprop=\"image\" height=\"599\" width=\"600\" title=\"LAB_TIRA_SD_VIB_SYS\" onerror=\"this.style.display='none'\">\n\t\t\t\t<\/a>\n\t\tSyst\u00e8mes et contr\u00f4leurs de test de vibrations\n\t\t\t\t<a href=\"https:\/\/spectraldynamics.eu\/fr\/see-our-solutions\/shock-test-systems\/\" target=\"_self\" itemprop=\"url\" rel=\"noopener\">\n\t\t\t\t<img decoding=\"async\" loading=\"lazy\" src=\"https:\/\/spectraldynamics.eu\/wp-content\/uploads\/2025\/06\/Shock_Machine_web-2.png\" alt=\"Shock Test Systems\" itemprop=\"image\" height=\"599\" width=\"600\" title=\"Shock_Machine_web\" onerror=\"this.style.display='none'\">\n\t\t\t\t<\/a>\n\t\tSyst\u00e8mes d'essais de chocs\n\t\t\t\t<a href=\"https:\/\/spectraldynamics.eu\/fr\/see-our-solutions\/packaging-test-systems\/\" target=\"_self\" itemprop=\"url\" rel=\"noopener\">\n\t\t\t\t<img decoding=\"async\" loading=\"lazy\" src=\"https:\/\/spectraldynamics.eu\/wp-content\/uploads\/2025\/06\/Test-packaging-systems_web-1.png\" alt=\"Packaging Test Systems\" itemprop=\"image\" height=\"600\" width=\"600\" title=\"Syst\u00e8mes d&#039;emballage de test_web\" onerror=\"this.style.display='none'\">\n\t\t\t\t<\/a>\n\t\tSyst\u00e8mes de test d&#039;emballage\n\t\t\t\t<a href=\"https:\/\/spectraldynamics.eu\/fr\/products\/pind-particule-impact-noise-detection\/\" target=\"_self\" itemprop=\"url\" rel=\"noopener\">\n\t\t\t\t<img decoding=\"async\" src=\"http:\/\/spectraldynamics.eu\/wp-content\/uploads\/2021\/03\/PIND_felix_logoSD_web.png\" alt=\"PIND - Particule Impact Noise Detection\" itemprop=\"image\" title=\"PIND_felix_logoSD_web\" onerror=\"this.style.display='none'\">\n\t\t\t\t<\/a>\n\t\tPIND - D\u00e9tection de bruit d&#039;impact de particules\n\t\t\t\t<a href=\"https:\/\/spectraldynamics.eu\/fr\/see-our-solutions\/dynamic-measurements-and-analysis\/\" target=\"_self\" itemprop=\"url\" rel=\"noopener\">\n\t\t\t\t<img decoding=\"async\" loading=\"lazy\" src=\"https:\/\/spectraldynamics.eu\/wp-content\/uploads\/2021\/03\/Dynamic-meas_haut-1.jpg\" alt=\"Dynamic measurements and analysis\" itemprop=\"image\" height=\"473\" width=\"500\" title=\"Dynamic-meas_haut\" onerror=\"this.style.display='none'\">\n\t\t\t\t<\/a>\n\t\tMesures et analyses","protected":false},"excerpt":{"rendered":"<p>Nos solutions Spectral Dynamics, Inc. est un fournisseur mondial de premier plan de syst\u00e8mes et de logiciels pour les tests et analyses de vibrations, de chocs et de chutes. D\u00e9couvrez nos solutions et contactez nos experts pour vous accompagner dans votre projet. Syst\u00e8mes et contr\u00f4leurs de tests de vibrations, syst\u00e8mes de tests de chocs, syst\u00e8mes de tests d&#039;emballage, PIND (D\u00e9tection du bruit d&#039;impact de particules), mesures et analyses dynamiques.<\/p>","protected":false},"author":4,"featured_media":0,"parent":0,"menu_order":0,"comment_status":"closed","ping_status":"closed","template":"","meta":[],"acf":[],"yoast_head":"<!-- This site is optimized with the Yoast SEO plugin v21.3 - https:\/\/yoast.com\/wordpress\/plugins\/seo\/ -->\n<title>Our Solutions | Spectral Dynamics SAS<\/title>\n<meta name=\"description\" content=\"Spectral Dynamics SAS is a supplier of solutions for vibration, shock, drop and packaging testing. Explore our products to know more.\" \/>\n<meta name=\"robots\" content=\"index, follow, max-snippet:-1, max-image-preview:large, max-video-preview:-1\" \/>\n<link rel=\"canonical\" href=\"https:\/\/spectraldynamics.eu\/fr\/see-our-solutions\/\" \/>\n<meta property=\"og:locale\" content=\"fr_FR\" \/>\n<meta property=\"og:type\" content=\"article\" \/>\n<meta property=\"og:title\" content=\"Our Solutions | Spectral Dynamics SAS\" \/>\n<meta property=\"og:description\" content=\"Spectral Dynamics SAS is a supplier of solutions for vibration, shock, drop and packaging testing. Explore our products to know more.\" \/>\n<meta property=\"og:url\" content=\"https:\/\/spectraldynamics.eu\/fr\/see-our-solutions\/\" \/>\n<meta property=\"og:site_name\" content=\"Spectral Dynamics\" \/>\n<meta property=\"article:publisher\" content=\"https:\/\/www.facebook.com\/Spectral-Dynamics-116990255000523\/\" \/>\n<meta property=\"article:modified_time\" content=\"2025-06-30T13:17:22+00:00\" \/>\n<meta property=\"og:image\" content=\"https:\/\/spectraldynamics.eu\/wp-content\/uploads\/2025\/06\/LAB_TIRA_SD_VIB_SYS.png\" \/>\n<meta name=\"twitter:card\" content=\"summary_large_image\" \/>\n<meta name=\"twitter:label1\" content=\"Dur\u00e9e de lecture estim\u00e9e\" \/>\n\t<meta name=\"twitter:data1\" content=\"2 minutes\" \/>\n<script type=\"application\/ld+json\" class=\"yoast-schema-graph\">{\"@context\":\"https:\/\/schema.org\",\"@graph\":[{\"@type\":\"WebPage\",\"@id\":\"https:\/\/spectraldynamics.eu\/see-our-solutions\/\",\"url\":\"https:\/\/spectraldynamics.eu\/see-our-solutions\/\",\"name\":\"Our Solutions | Spectral Dynamics SAS\",\"isPartOf\":{\"@id\":\"https:\/\/spectraldynamics.eu\/#website\"},\"datePublished\":\"2020-10-22T15:16:14+00:00\",\"dateModified\":\"2025-06-30T13:17:22+00:00\",\"description\":\"Spectral Dynamics SAS is a supplier of solutions for vibration, shock, drop and packaging testing. Explore our products to know more.\",\"breadcrumb\":{\"@id\":\"https:\/\/spectraldynamics.eu\/see-our-solutions\/#breadcrumb\"},\"inLanguage\":\"fr-FR\",\"potentialAction\":[{\"@type\":\"ReadAction\",\"target\":[\"https:\/\/spectraldynamics.eu\/see-our-solutions\/\"]}]},{\"@type\":\"BreadcrumbList\",\"@id\":\"https:\/\/spectraldynamics.eu\/see-our-solutions\/#breadcrumb\",\"itemListElement\":[{\"@type\":\"ListItem\",\"position\":1,\"name\":\"Homepage\",\"item\":\"https:\/\/spectraldynamics.eu\/\"},{\"@type\":\"ListItem\",\"position\":2,\"name\":\"Our solutions\"}]},{\"@type\":\"WebSite\",\"@id\":\"https:\/\/spectraldynamics.eu\/#website\",\"url\":\"https:\/\/spectraldynamics.eu\/\",\"name\":\"Spectral Dynamics\",\"description\":\"\",\"publisher\":{\"@id\":\"https:\/\/spectraldynamics.eu\/#organization\"},\"potentialAction\":[{\"@type\":\"SearchAction\",\"target\":{\"@type\":\"EntryPoint\",\"urlTemplate\":\"https:\/\/spectraldynamics.eu\/?s={search_term_string}\"},\"query-input\":\"required name=search_term_string\"}],\"inLanguage\":\"fr-FR\"},{\"@type\":\"Organization\",\"@id\":\"https:\/\/spectraldynamics.eu\/#organization\",\"name\":\"Spectral Dynamics\",\"url\":\"https:\/\/spectraldynamics.eu\/\",\"logo\":{\"@type\":\"ImageObject\",\"inLanguage\":\"fr-FR\",\"@id\":\"https:\/\/spectraldynamics.eu\/#\/schema\/logo\/image\/\",\"url\":\"\",\"contentUrl\":\"\",\"caption\":\"Spectral Dynamics\"},\"image\":{\"@id\":\"https:\/\/spectraldynamics.eu\/#\/schema\/logo\/image\/\"},\"sameAs\":[\"https:\/\/www.facebook.com\/Spectral-Dynamics-116990255000523\/\",\"https:\/\/www.youtube.com\/channel\/UCEPFhx_26dmu19mxRRBhYWg\"]}]}<\/script>\n<!-- \/ Yoast SEO plugin. -->","yoast_head_json":{"title":"Our Solutions | Spectral Dynamics SAS","description":"Spectral Dynamics SAS is a supplier of solutions for vibration, shock, drop and packaging testing. Explore our products to know more.","robots":{"index":"index","follow":"follow","max-snippet":"max-snippet:-1","max-image-preview":"max-image-preview:large","max-video-preview":"max-video-preview:-1"},"canonical":"https:\/\/spectraldynamics.eu\/fr\/see-our-solutions\/","og_locale":"fr_FR","og_type":"article","og_title":"Our Solutions | Spectral Dynamics SAS","og_description":"Spectral Dynamics SAS is a supplier of solutions for vibration, shock, drop and packaging testing. Explore our products to know more.","og_url":"https:\/\/spectraldynamics.eu\/fr\/see-our-solutions\/","og_site_name":"Spectral Dynamics","article_publisher":"https:\/\/www.facebook.com\/Spectral-Dynamics-116990255000523\/","article_modified_time":"2025-06-30T13:17:22+00:00","og_image":[{"url":"https:\/\/spectraldynamics.eu\/wp-content\/uploads\/2025\/06\/LAB_TIRA_SD_VIB_SYS.png"}],"twitter_card":"summary_large_image","twitter_misc":{"Dur\u00e9e de lecture estim\u00e9e":"2 minutes"},"schema":{"@context":"https:\/\/schema.org","@graph":[{"@type":"WebPage","@id":"https:\/\/spectraldynamics.eu\/see-our-solutions\/","url":"https:\/\/spectraldynamics.eu\/see-our-solutions\/","name":"Our Solutions | Spectral Dynamics SAS","isPartOf":{"@id":"https:\/\/spectraldynamics.eu\/#website"},"datePublished":"2020-10-22T15:16:14+00:00","dateModified":"2025-06-30T13:17:22+00:00","description":"Spectral Dynamics SAS is a supplier of solutions for vibration, shock, drop and packaging testing. Explore our products to know more.","breadcrumb":{"@id":"https:\/\/spectraldynamics.eu\/see-our-solutions\/#breadcrumb"},"inLanguage":"fr-FR","potentialAction":[{"@type":"ReadAction","target":["https:\/\/spectraldynamics.eu\/see-our-solutions\/"]}]},{"@type":"BreadcrumbList","@id":"https:\/\/spectraldynamics.eu\/see-our-solutions\/#breadcrumb","itemListElement":[{"@type":"ListItem","position":1,"name":"Homepage","item":"https:\/\/spectraldynamics.eu\/"},{"@type":"ListItem","position":2,"name":"Our solutions"}]},{"@type":"WebSite","@id":"https:\/\/spectraldynamics.eu\/#website","url":"https:\/\/spectraldynamics.eu\/","name":"Spectral Dynamics","description":"","publisher":{"@id":"https:\/\/spectraldynamics.eu\/#organization"},"potentialAction":[{"@type":"SearchAction","target":{"@type":"EntryPoint","urlTemplate":"https:\/\/spectraldynamics.eu\/?s={search_term_string}"},"query-input":"required name=search_term_string"}],"inLanguage":"fr-FR"},{"@type":"Organization","@id":"https:\/\/spectraldynamics.eu\/#organization","name":"Spectral Dynamics","url":"https:\/\/spectraldynamics.eu\/","logo":{"@type":"ImageObject","inLanguage":"fr-FR","@id":"https:\/\/spectraldynamics.eu\/#\/schema\/logo\/image\/","url":"","contentUrl":"","caption":"Spectral Dynamics"},"image":{"@id":"https:\/\/spectraldynamics.eu\/#\/schema\/logo\/image\/"},"sameAs":["https:\/\/www.facebook.com\/Spectral-Dynamics-116990255000523\/","https:\/\/www.youtube.com\/channel\/UCEPFhx_26dmu19mxRRBhYWg"]}]}},"_links":{"self":[{"href":"https:\/\/spectraldynamics.eu\/fr\/wp-json\/wp\/v2\/pages\/12"}],"collection":[{"href":"https:\/\/spectraldynamics.eu\/fr\/wp-json\/wp\/v2\/pages"}],"about":[{"href":"https:\/\/spectraldynamics.eu\/fr\/wp-json\/wp\/v2\/types\/page"}],"author":[{"embeddable":true,"href":"https:\/\/spectraldynamics.eu\/fr\/wp-json\/wp\/v2\/users\/4"}],"replies":[{"embeddable":true,"href":"https:\/\/spectraldynamics.eu\/fr\/wp-json\/wp\/v2\/comments?post=12"}],"version-history":[{"count":19,"href":"https:\/\/spectraldynamics.eu\/fr\/wp-json\/wp\/v2\/pages\/12\/revisions"}],"predecessor-version":[{"id":1858,"href":"https:\/\/spectraldynamics.eu\/fr\/wp-json\/wp\/v2\/pages\/12\/revisions\/1858"}],"wp:attachment":[{"href":"https:\/\/spectraldynamics.eu\/fr\/wp-json\/wp\/v2\/media?parent=12"}],"curies":[{"name":"wp","href":"https:\/\/api.w.org\/{rel}","templated":true}]}}